{"id":1295,"date":"2019-01-16T18:01:10","date_gmt":"2019-01-16T18:01:10","guid":{"rendered":"https:\/\/evenbytes.com\/?page_id=1295"},"modified":"2020-02-27T15:03:12","modified_gmt":"2020-02-27T14:03:12","slug":"desarrollo-rapido-de-aplicaciones-moviles-con-appsheet","status":"publish","type":"page","link":"https:\/\/evenbytes.com\/es\/servicios\/desarrollo-rapido-de-aplicaciones-moviles-con-appsheet\/","title":{"rendered":"Desarrollo r\u00e1pido de aplicaciones m\u00f3viles con AppSheet"},"content":{"rendered":"<div class=\"wpb-content-wrapper\"><p>[vc_row css_animation=\u00bb\u00bb row_type=\u00bbrow\u00bb use_row_as_full_screen_section=\u00bbno\u00bb type=\u00bbfull_width\u00bb angled_section=\u00bbno\u00bb text_align=\u00bbleft\u00bb background_image_as_pattern=\u00bbwithout_pattern\u00bb][vc_column][vc_column_text]<\/p>\r\n<h1>Desarrollo r\u00e1pido de aplicaciones m\u00f3viles con AppSheet<\/h1>\r\n<figure class=\"wp-block-image\"><img fetchpriority=\"high\" decoding=\"async\" width=\"1024\" height=\"550\" class=\"wp-image-1395\" src=\"https:\/\/evenbytes.com\/wp-content\/uploads\/2019\/02\/evenbytes-fast-develop-mobile-app-1024x550.jpg\" alt=\"\" srcset=\"https:\/\/evenbytes.com\/wp-content\/uploads\/2019\/02\/evenbytes-fast-develop-mobile-app-1024x550.jpg 1024w, https:\/\/evenbytes.com\/wp-content\/uploads\/2019\/02\/evenbytes-fast-develop-mobile-app-300x161.jpg 300w, https:\/\/evenbytes.com\/wp-content\/uploads\/2019\/02\/evenbytes-fast-develop-mobile-app-768x412.jpg 768w, https:\/\/evenbytes.com\/wp-content\/uploads\/2019\/02\/evenbytes-fast-develop-mobile-app-700x376.jpg 700w, https:\/\/evenbytes.com\/wp-content\/uploads\/2019\/02\/evenbytes-fast-develop-mobile-app.jpg 1200w\" sizes=\"(max-width: 1024px) 100vw, 1024px\" \/><\/figure>\r\n\r\n<p>En\u00a0<a href=\"https:\/\/www.linkedin.com\/company\/evenbytes\" target=\"_blank\" rel=\"noreferrer noopener\">Evenbytes<\/a>\u00a0somos partners de\u00a0<strong>AppSheet<\/strong>, un sistema de desarrollo r\u00e1pido de aplicaciones m\u00f3viles sin c\u00f3digo. Una opci\u00f3n especialmente interesante para empresas que necesiten desarrollar aplicaciones m\u00f3viles para hacer gesti\u00f3n interna con sus trabajadores o con proveedores, aunque tambi\u00e9n es posible publicar estas aplicaciones en los marketplace de Apple y Android.<\/p>\r\n\r\n<p>&nbsp;<\/p>\r\n\r\n<figure class=\"wp-block-image\"><img decoding=\"async\" width=\"960\" height=\"540\" class=\"wp-image-1397\" src=\"https:\/\/evenbytes.com\/wp-content\/uploads\/2019\/02\/evenbytes-appsheet.jpeg\" alt=\"\" srcset=\"https:\/\/evenbytes.com\/wp-content\/uploads\/2019\/02\/evenbytes-appsheet.jpeg 960w, https:\/\/evenbytes.com\/wp-content\/uploads\/2019\/02\/evenbytes-appsheet-300x169.jpeg 300w, https:\/\/evenbytes.com\/wp-content\/uploads\/2019\/02\/evenbytes-appsheet-768x432.jpeg 768w, https:\/\/evenbytes.com\/wp-content\/uploads\/2019\/02\/evenbytes-appsheet-700x394.jpeg 700w, https:\/\/evenbytes.com\/wp-content\/uploads\/2019\/02\/evenbytes-appsheet-539x303.jpeg 539w\" sizes=\"(max-width: 960px) 100vw, 960px\" \/><\/figure>\r\n\r\n<p>&nbsp;<\/p>\r\n\r\n<h3 class=\"wp-block-heading\"><strong>\u00bfPorqu\u00e9 es tan interesante AppSheet en las organizaciones?<\/strong><\/h3>\r\n\r\n<p><strong>Ahorro de costes<\/strong><\/p>\r\n\r\n<p>Los tiempos de desarrollo, prueba y despliegue se reducen mucho, en muchos casos por debajo del 30% de un desarrollo convencional, por lo que los costes del cliente se reducen notablemente.<\/p>\r\n<p>&nbsp;<\/p>\r\n\r\n<p><strong>Simplifica el mantenimiento.<\/strong><\/p>\r\n\r\n<p>Tenemos todas nuestras aplicaciones corporativas (internas o p\u00fablicas) en la misma plataforma, la correcci\u00f3n de errores, o actualizaci\u00f3n por cambios externos se simplifica, reduciendo de nuevo los tiempos de reacci\u00f3n y soporte.<\/p>\r\n<p>&nbsp;<\/p>\r\n\r\n<p><strong>Facilita la integraci\u00f3n con datos de la empresa.<\/strong><\/p>\r\n\r\n<p>Por \u00faltimo, la propia plataforma permite la integraci\u00f3n con almacenes de datos de m\u00faltiples fuentes, Google Spreadsheet, Office Excel, Dropbox, SQL y un largo etc\u00e9tera.<\/p>\r\n<p>&nbsp;<\/p>\r\n\r\n<p><strong>Permite total acceso a las funcionalidades del hardware del terminal<\/strong><\/p>\r\n\r\n<p>&nbsp;<\/p>\r\n\r\n<figure class=\"wp-block-image\"><img decoding=\"async\" width=\"777\" height=\"158\" class=\"wp-image-1399\" src=\"https:\/\/evenbytes.com\/wp-content\/uploads\/2019\/02\/appsheet-features.png\" alt=\"\" srcset=\"https:\/\/evenbytes.com\/wp-content\/uploads\/2019\/02\/appsheet-features.png 777w, https:\/\/evenbytes.com\/wp-content\/uploads\/2019\/02\/appsheet-features-300x61.png 300w, https:\/\/evenbytes.com\/wp-content\/uploads\/2019\/02\/appsheet-features-768x156.png 768w, https:\/\/evenbytes.com\/wp-content\/uploads\/2019\/02\/appsheet-features-700x142.png 700w\" sizes=\"(max-width: 777px) 100vw, 777px\" \/><\/figure>\r\n\r\n<p>&nbsp;<\/p>\r\n\r\n<figure class=\"wp-block-image\"><img loading=\"lazy\" decoding=\"async\" width=\"960\" height=\"540\" class=\"wp-image-1401\" src=\"https:\/\/evenbytes.com\/wp-content\/uploads\/2019\/02\/evenbytes-apps-examples.jpeg\" alt=\"\" srcset=\"https:\/\/evenbytes.com\/wp-content\/uploads\/2019\/02\/evenbytes-apps-examples.jpeg 960w, https:\/\/evenbytes.com\/wp-content\/uploads\/2019\/02\/evenbytes-apps-examples-300x169.jpeg 300w, https:\/\/evenbytes.com\/wp-content\/uploads\/2019\/02\/evenbytes-apps-examples-768x432.jpeg 768w, https:\/\/evenbytes.com\/wp-content\/uploads\/2019\/02\/evenbytes-apps-examples-700x394.jpeg 700w, https:\/\/evenbytes.com\/wp-content\/uploads\/2019\/02\/evenbytes-apps-examples-539x303.jpeg 539w\" sizes=\"(max-width: 960px) 100vw, 960px\" \/><\/figure>\r\n\r\n<p>&nbsp;<\/p>\r\n\r\n<h3 class=\"wp-block-heading\"><strong>Algunos ejemplos de aplicaciones que hemos desarrollado para nuestros clientes<\/strong><\/h3>\r\n\r\n<p><strong>Lecturas de par\u00e1metros de turbinas en una f\u00e1brica<\/strong><\/p>\r\n\r\n<p>El cliente dispone de m\u00e1s de 40 equipos en los que \u00a0cada 3h hay que hacer lecturas de entre 10 y 40 indicadores. V\u00eda NFC la aplicaci\u00f3n reconoce el equipo del que hay que realizar las lecturas y ofrece al operario un formulario para introducirlas. Dispone de un sistema de alarmas para cuando las lecturas est\u00e1n fuera de los umbrales definidos. Tiene opciones de hist\u00f3ricos y documentaci\u00f3n de la maquinaria.<\/p>\r\n<p>&nbsp;<\/p>\r\n\r\n<p><strong>Gesti\u00f3n de inventario<\/strong><\/p>\r\n\r\n<p>Un cliente con m\u00faltiples almacenes de herramientas y maquinaria. La aplicaci\u00f3n dispone de mapas interiores de varios almacenes, en cada uno de ellos se geolocaliza el inventario con informaci\u00f3n del estado, revisiones, \u00faltimos usos, personal que la ha utilizado, disponibilidad. Muy \u00fatil para saber el material disponible en cada momento, su ubicaci\u00f3n y cuando hay que pasar revisiones.<\/p>\r\n<p>&nbsp;<\/p>\r\n\r\n<p><strong>Necesitas m\u00e1s informaci\u00f3n? <a href=\"https:\/\/evenbytes.com\/contact-us\/\">Contacta con nosotros<\/a> y te hacemos una demo. Estaremos encantados de ver las posibilidades que AppSheet tiene para mejorar los procesos de tu empresa.<\/strong><\/p>\r\n<p>\u00a0<\/p>\r\n<p>[\/vc_column_text][vc_empty_space height=\u00bb64px\u00bb][\/vc_column][\/vc_row]<\/p><\/div>","protected":false},"excerpt":{"rendered":"<p>[vc_row css_animation=\u00bb\u00bb row_type=\u00bbrow\u00bb use_row_as_full_screen_section=\u00bbno\u00bb type=\u00bbfull_width\u00bb angled_section=\u00bbno\u00bb text_align=\u00bbleft\u00bb background_image_as_pattern=\u00bbwithout_pattern\u00bb][vc_column][vc_column_text] En\u00a0Evenbytes\u00a0somos partners de\u00a0AppSheet, un sistema de desarrollo r\u00e1pido de aplicaciones m\u00f3viles sin c\u00f3digo. Una opci\u00f3n especialmente interesante para empresas que necesiten desarrollar aplicaciones m\u00f3viles para hacer gesti\u00f3n interna con sus trabajadores o con proveedores, aunque tambi\u00e9n es&#8230;<\/p>\n","protected":false},"author":5,"featured_media":0,"parent":757,"menu_order":0,"comment_status":"closed","ping_status":"closed","template":"","meta":{"footnotes":""},"class_list":["post-1295","page","type-page","status-publish","hentry"],"_links":{"self":[{"href":"https:\/\/evenbytes.com\/es\/wp-json\/wp\/v2\/pages\/1295","targetHints":{"allow":["GET"]}}],"collection":[{"href":"https:\/\/evenbytes.com\/es\/wp-json\/wp\/v2\/pages"}],"about":[{"href":"https:\/\/evenbytes.com\/es\/wp-json\/wp\/v2\/types\/page"}],"author":[{"embeddable":true,"href":"https:\/\/evenbytes.com\/es\/wp-json\/wp\/v2\/users\/5"}],"replies":[{"embeddable":true,"href":"https:\/\/evenbytes.com\/es\/wp-json\/wp\/v2\/comments?post=1295"}],"version-history":[{"count":9,"href":"https:\/\/evenbytes.com\/es\/wp-json\/wp\/v2\/pages\/1295\/revisions"}],"predecessor-version":[{"id":1410,"href":"https:\/\/evenbytes.com\/es\/wp-json\/wp\/v2\/pages\/1295\/revisions\/1410"}],"up":[{"embeddable":true,"href":"https:\/\/evenbytes.com\/es\/wp-json\/wp\/v2\/pages\/757"}],"wp:attachment":[{"href":"https:\/\/evenbytes.com\/es\/wp-json\/wp\/v2\/media?parent=1295"}],"curies":[{"name":"wp","href":"https:\/\/api.w.org\/{rel}","templated":true}]}}