{"id":1320,"date":"2019-01-19T09:25:57","date_gmt":"2019-01-19T09:25:57","guid":{"rendered":"https:\/\/evenbytes.com\/blog\/"},"modified":"2019-09-18T14:48:15","modified_gmt":"2019-09-18T13:48:15","slug":"blog","status":"publish","type":"page","link":"https:\/\/evenbytes.com\/es\/blog\/","title":{"rendered":"Blog"},"content":{"rendered":"<div class=\"wpb-content-wrapper\"><p>[vc_row css_animation=\u00bb\u00bb row_type=\u00bbrow\u00bb use_row_as_full_screen_section=\u00bbno\u00bb type=\u00bbfull_width\u00bb angled_section=\u00bbno\u00bb text_align=\u00bbleft\u00bb background_image_as_pattern=\u00bbwithout_pattern\u00bb][vc_column][vc_empty_space]<div class='q_masonry_blog'><div class=\"q_masonry_blog_grid_sizer\"><\/div><div class=\"q_masonry_blog_grid_gutter\"><\/div><article  class='post-4298 post type-post status-publish format-standard has-post-thumbnail hentry category-develop-es category-google tag-desarrollo tag-google-cloud tag-google-partne tag-google-workspace tag-servicios-de-google tag-servicios-en-la-nube-2 '><div class=\"q_masonry_blog_post_image\"><a itemprop=\"url\" href=\"https:\/\/evenbytes.com\/es\/que-son-los-servicios-en-la-nube\/\" target=\"_self\"><img decoding=\"async\" itemprop=\"image\" src=\"https:\/\/evenbytes.com\/wp-content\/uploads\/2024\/04\/Servicios-en-la-nube.jpg\" \/><\/a><\/div><div class=\"q_masonry_blog_post_text\"><h5 itemprop=\"name\" class=\"q_masonry_blog_title entry_title\"><a itemprop=\"url\" href=\"https:\/\/evenbytes.com\/es\/que-son-los-servicios-en-la-nube\/\">\u00bfQu\u00e9 son los servicios en la nube?<\/a><\/h5><p itemprop=\"description\" class=\"q_masonry_blog_excerpt\">La nube se ha convertido en una de las tecnolog\u00edas m\u00e1s revolucionarias, transformando la forma en que las empresas gestionan sus datos y procesos. Pero, \u00bfqu\u00e9 son exactamente los servicios en la nube? En este art\u00edculo, te ayudaremos a comprender y tambi\u00e9n te diremos c\u00f3mo......<\/p><div class=\"q_masonry_blog_post_info\"><\/div><\/div><\/article><article  class='post-4288 post type-post status-publish format-standard has-post-thumbnail hentry category-appsheet category-google tag-duet-ai tag-evenbytes tag-gemini tag-google-cloud tag-google-workspace tag-ia '><div class=\"q_masonry_blog_post_image\"><a itemprop=\"url\" href=\"https:\/\/evenbytes.com\/es\/desbloquea-una-nueva-y-poderosa-forma-de-trabajar-con-gemini-para-workspace\/\" target=\"_self\"><img decoding=\"async\" itemprop=\"image\" src=\"https:\/\/evenbytes.com\/wp-content\/uploads\/2024\/04\/unnamed-2.png\" \/><\/a><\/div><div class=\"q_masonry_blog_post_text\"><h5 itemprop=\"name\" class=\"q_masonry_blog_title entry_title\"><a itemprop=\"url\" href=\"https:\/\/evenbytes.com\/es\/desbloquea-una-nueva-y-poderosa-forma-de-trabajar-con-gemini-para-workspace\/\">Desbloquea una nueva y poderosa forma de trabajar con Gemini para Workspace<\/a><\/h5><p itemprop=\"description\" class=\"q_masonry_blog_excerpt\">Consulte el manual para saber c\u00f3mo Gemini para Google Workspace puede ayudarte a ti y a tu empresa a tener \u00e9xito. La IA generativa est\u00e1 preparada para cambiar fundamentalmente la forma en que trabajamos, tal como lo han hecho Internet, los dispositivos m\u00f3viles y la......<\/p><div class=\"q_masonry_blog_post_info\"><\/div><\/div><\/article><article  class='post-4257 post type-post status-publish format-standard has-post-thumbnail hentry category-develop-es '><div class=\"q_masonry_blog_post_image\"><a itemprop=\"url\" href=\"https:\/\/evenbytes.com\/es\/evenbytes-reconocida-como-pyme-innovadora\/\" target=\"_self\"><img decoding=\"async\" itemprop=\"image\" src=\"https:\/\/evenbytes.com\/wp-content\/uploads\/2024\/03\/Pyme-Innovadora.jpg\" \/><\/a><\/div><div class=\"q_masonry_blog_post_text\"><h5 itemprop=\"name\" class=\"q_masonry_blog_title entry_title\"><a itemprop=\"url\" href=\"https:\/\/evenbytes.com\/es\/evenbytes-reconocida-como-pyme-innovadora\/\">Evenbytes, reconocida como PYME Innovadora<\/a><\/h5><p itemprop=\"description\" class=\"q_masonry_blog_excerpt\">Evenbytes ha recibido por parte del Ministerio de Ciencia e Innovaci\u00f3n en Espa\u00f1a, el sello que distingue a las Peque\u00f1as y Medianas Empresas Innovadoras (PYME Innovadora). Este reconocimiento resalta el compromiso continuo de Evenbytes con la excelencia en la innovaci\u00f3n y su papel destacado en......<\/p><div class=\"q_masonry_blog_post_info\"><\/div><\/div><\/article><article  class='post-4217 post type-post status-publish format-standard has-post-thumbnail hentry category-drivewatcher-es category-google '><div class=\"q_masonry_blog_post_image\"><a itemprop=\"url\" href=\"https:\/\/evenbytes.com\/es\/como-funcionan-las-notificaciones-de-google-drive\/\" target=\"_self\"><img decoding=\"async\" itemprop=\"image\" src=\"https:\/\/evenbytes.com\/wp-content\/uploads\/2024\/02\/fotoblog.png\" \/><\/a><\/div><div class=\"q_masonry_blog_post_text\"><h5 itemprop=\"name\" class=\"q_masonry_blog_title entry_title\"><a itemprop=\"url\" href=\"https:\/\/evenbytes.com\/es\/como-funcionan-las-notificaciones-de-google-drive\/\">C\u00f3mo funcionan las notificaciones de Google Drive<\/a><\/h5><p itemprop=\"description\" class=\"q_masonry_blog_excerpt\">Google Drive es conocido como un sistema de almacenamiento de archivos en la nube, que permite a los usuarios almacenar informaci\u00f3n, categorizarla mediante carpetas y a la vez compartir contenidos f\u00e1cilmente con otros usuarios, as\u00ed como trabajar de manera simult\u00e1nea en los mismos documentos entre......<\/p><div class=\"q_masonry_blog_post_info\"><\/div><\/div><\/article><article  class='post-4205 post type-post status-publish format-standard has-post-thumbnail hentry category-google tag-docs tag-evenbytes tag-gmail tag-google tag-google-drive-es tag-productividad '><div class=\"q_masonry_blog_post_image\"><a itemprop=\"url\" href=\"https:\/\/evenbytes.com\/es\/licencias-googleworkspace-para-empres\/\" target=\"_self\"><img decoding=\"async\" itemprop=\"image\" src=\"https:\/\/evenbytes.com\/wp-content\/uploads\/2024\/01\/Google-Workspace.jpg\" \/><\/a><\/div><div class=\"q_masonry_blog_post_text\"><h5 itemprop=\"name\" class=\"q_masonry_blog_title entry_title\"><a itemprop=\"url\" href=\"https:\/\/evenbytes.com\/es\/licencias-googleworkspace-para-empres\/\">Claves para identificar la mejor licencia de Google Workspace para tu negocio<\/a><\/h5><p itemprop=\"description\" class=\"q_masonry_blog_excerpt\">Ha llegado el momento de que apuestes por la colaboraci\u00f3n eficiente y la productividad dentro de la empresa o negocio, para ello, es fundamental dotar a tu equipo de herramientas integrales, innovadoras que simplifiquen las tareas diarias y te ahorran tiempo en la ejecuci\u00f3n de......<\/p><div class=\"q_masonry_blog_post_info\"><\/div><\/div><\/article><article  class='post-4175 post type-post status-publish format-standard has-post-thumbnail hentry category-drivewatcher-es category-google tag-drivewatcher tag-google-drive-es tag-google-suite tag-google-workspace tag-hangouts '><div class=\"q_masonry_blog_post_image\"><a itemprop=\"url\" href=\"https:\/\/evenbytes.com\/es\/optimiza-el-flujo-de-comunicacion-con-clientes-utilizando-las-carpetas-compartidas-de-google-drive\/\" target=\"_self\"><img decoding=\"async\" itemprop=\"image\" src=\"https:\/\/evenbytes.com\/wp-content\/uploads\/2023\/12\/Google-Drive.jpg\" \/><\/a><\/div><div class=\"q_masonry_blog_post_text\"><h5 itemprop=\"name\" class=\"q_masonry_blog_title entry_title\"><a itemprop=\"url\" href=\"https:\/\/evenbytes.com\/es\/optimiza-el-flujo-de-comunicacion-con-clientes-utilizando-las-carpetas-compartidas-de-google-drive\/\">Optimiza el flujo de comunicaci\u00f3n con clientes utilizando las carpetas compartidas de Google Drive\u00a0<\/a><\/h5><p itemprop=\"description\" class=\"q_masonry_blog_excerpt\">Google Drive ...<\/p><div class=\"q_masonry_blog_post_info\"><\/div><\/div><\/article><article  class='post-4165 post type-post status-publish format-standard has-post-thumbnail hentry category-develop-es '><div class=\"q_masonry_blog_post_image\"><a itemprop=\"url\" href=\"https:\/\/evenbytes.com\/es\/evenbytes-programaxtela-cantabria\/\" target=\"_self\"><img decoding=\"async\" itemprop=\"image\" src=\"https:\/\/evenbytes.com\/wp-content\/uploads\/2023\/12\/20231213_115430.jpg\" \/><\/a><\/div><div class=\"q_masonry_blog_post_text\"><h5 itemprop=\"name\" class=\"q_masonry_blog_title entry_title\"><a itemprop=\"url\" href=\"https:\/\/evenbytes.com\/es\/evenbytes-programaxtela-cantabria\/\">Origamee, ganadora de dos retos de digitalizaci\u00f3n del Programa Xtela Cantabria\u00a0<\/a><\/h5><p itemprop=\"description\" class=\"q_masonry_blog_excerpt\">Origamee, nuestra plataforma de desarrollo de software en la nube, fue la ganadora para dar soluci\u00f3n a dos de los retos de digitalizaci\u00f3n lanzados por el programa Programa Xtela Cantabria.\u00a0 Este es un programa de aceleraci\u00f3n e innovaci\u00f3n abierta dirigidos a empresas de cualquier parte......<\/p><div class=\"q_masonry_blog_post_info\"><\/div><\/div><\/article><article  class='post-4161 post type-post status-publish format-standard has-post-thumbnail hentry category-develop-es tag-automatizacion-de-procesos-2 tag-big-data-y-analisis-de-datos-2 tag-consultoria-en-ciberseguridad-2 tag-consultoria-tecnologica-2 tag-desarrollo-de-software tag-estrategias-it-2 tag-innovacion-tecnologica-2 tag-servicios-en-la-nube-2 tag-soluciones-tecnologicas-2 tag-transformacion-digital '><div class=\"q_masonry_blog_post_image\"><a itemprop=\"url\" href=\"https:\/\/evenbytes.com\/es\/como-funciona-una-consultoria-tecnologica\/\" target=\"_self\"><img decoding=\"async\" itemprop=\"image\" src=\"https:\/\/evenbytes.com\/wp-content\/uploads\/2023\/12\/Consultoria-scaled.jpg\" \/><\/a><\/div><div class=\"q_masonry_blog_post_text\"><h5 itemprop=\"name\" class=\"q_masonry_blog_title entry_title\"><a itemprop=\"url\" href=\"https:\/\/evenbytes.com\/es\/como-funciona-una-consultoria-tecnologica\/\">C\u00f3mo funciona una consultor\u00eda tecnol\u00f3gica\u00a0<\/a><\/h5><p itemprop=\"description\" class=\"q_masonry_blog_excerpt\">An\u00e1lisis de necesidades\u00a0 Esta es la etapa inicial en donde nuestro consultores se re\u00fanen con los interesados en implantar nuevas tecnolog\u00edas en sus negocios. El objetivo de este primer acercamiento es conocer cu\u00e1les son los objetivos de la empresa, los desaf\u00edos que enfrentan y cu\u00e1les......<\/p><div class=\"q_masonry_blog_post_info\"><\/div><\/div><\/article><article  class='post-4135 post type-post status-publish format-standard hentry category-develop-es tag-automatizacion-de-procesos-2 tag-big-data-y-analisis-de-datos-2 tag-consultoria-en-blockchain-2 tag-consultoria-en-ciberseguridad-2 tag-consultoria-en-e-commerce-2 tag-consultoria-tecnologica-2 tag-desarrollo-de-software tag-estrategias-it-2 tag-gestion-de-proyectos-tecnologicos-2 tag-ia tag-inteligencia-artificial-ia tag-internet-de-las-cosas-iot tag-optimizacion-de-infraestructura-ti-2 tag-servicios-de-desarrollo-web-2 tag-servicios-de-soporte-tecnico-2 tag-servicios-en-la-nube-2 tag-soluciones-tecnologicas-2 tag-transformacion-digital '><div class=\"q_masonry_blog_post_image\"><\/div><div class=\"q_masonry_blog_post_text\"><h5 itemprop=\"name\" class=\"q_masonry_blog_title entry_title\"><a itemprop=\"url\" href=\"https:\/\/evenbytes.com\/es\/software-para-gestion-de-hospitales-y-centros-sanitarios\/\">Software para gesti\u00f3n de personal en hospitales y centros sanitarios\u00a0<\/a><\/h5><p itemprop=\"description\" class=\"q_masonry_blog_excerpt\">Origamee es una plataforma (programa o software inform\u00e1tico) que permite gestionar, planificar y automatizar las tareas generales del servicio de limpieza y mantenimiento en hospitales y centros sanitarios.&nbsp; Esta plataforma destaca por su rapidez en el desarrollo de aplicaciones sin necesidad de c\u00f3digo, su alta......<\/p><div class=\"q_masonry_blog_post_info\"><\/div><\/div><\/article><article  class='post-4143 post type-post status-publish format-standard has-post-thumbnail hentry category-develop-es tag-automatizacion-de-procesos-2 tag-big-data-y-analisis-de-datos-2 tag-consultoria-en-blockchain-2 tag-consultoria-en-ciberseguridad-2 tag-consultoria-en-e-commerce-2 tag-consultoria-en-virtualizacion-2 tag-consultoria-tecnologica-2 tag-desarrollo-de-software tag-desarrollo-en-la-nube tag-estrategias-de-marketing-digital-2 tag-estrategias-it-2 tag-evenbytes tag-gestion-de-proyectos-tecnologicos-2 tag-google tag-google-drive-es tag-ia tag-inteligencia-artificial-ia tag-internet-de-las-cosas-iot tag-no-code tag-optimizacion-de-infraestructura-ti-2 tag-origamee tag-servicios-de-desarrollo-web-2 tag-servicios-de-soporte-tecnico-2 tag-servicios-en-la-nube-2 tag-software-2 tag-software-empresarial tag-soluciones-tecnologicas-2 tag-transformacion-digital '><div class=\"q_masonry_blog_post_image\"><a itemprop=\"url\" href=\"https:\/\/evenbytes.com\/es\/desarrollo-de-aplicaciones-a-medida-con-origamee\/\" target=\"_self\"><img decoding=\"async\" itemprop=\"image\" src=\"https:\/\/evenbytes.com\/wp-content\/uploads\/2023\/11\/origamee-evenbytes.jpg\" \/><\/a><\/div><div class=\"q_masonry_blog_post_text\"><h5 itemprop=\"name\" class=\"q_masonry_blog_title entry_title\"><a itemprop=\"url\" href=\"https:\/\/evenbytes.com\/es\/desarrollo-de-aplicaciones-a-medida-con-origamee\/\">Desarrollo de aplicaciones a medida con Origamee<\/a><\/h5><p itemprop=\"description\" class=\"q_masonry_blog_excerpt\">En\u00a0Evenbytes\u00a0entendemos que cada negocio es distinto, con necesidades diferentes. Es por eso que ofrecemos soluciones a medida, servicios de\u00a0desarrollo\u00a0adaptados a cada necesidad para impulsar el crecimiento y la\u00a0adaptaci\u00f3n digital de las empresas.\u00a0 Sabemos que existen muchas soluciones en el mercado para poder crear aplicaciones m\u00f3viles......<\/p><div class=\"q_masonry_blog_post_info\"><\/div><\/div><\/article><\/div>[vc_empty_space][\/vc_column][\/vc_row]<\/p>\n<\/div>","protected":false},"excerpt":{"rendered":"<p>[vc_row css_animation=\u00bb\u00bb row_type=\u00bbrow\u00bb use_row_as_full_screen_section=\u00bbno\u00bb type=\u00bbfull_width\u00bb angled_section=\u00bbno\u00bb text_align=\u00bbleft\u00bb background_image_as_pattern=\u00bbwithout_pattern\u00bb][vc_column][vc_empty_space][vc_empty_space][\/vc_column][\/vc_row]<\/p>\n","protected":false},"author":5,"featured_media":0,"parent":0,"menu_order":0,"comment_status":"closed","ping_status":"closed","template":"","meta":{"footnotes":""},"class_list":["post-1320","page","type-page","status-publish","hentry"],"_links":{"self":[{"href":"https:\/\/evenbytes.com\/es\/wp-json\/wp\/v2\/pages\/1320","targetHints":{"allow":["GET"]}}],"collection":[{"href":"https:\/\/evenbytes.com\/es\/wp-json\/wp\/v2\/pages"}],"about":[{"href":"https:\/\/evenbytes.com\/es\/wp-json\/wp\/v2\/types\/page"}],"author":[{"embeddable":true,"href":"https:\/\/evenbytes.com\/es\/wp-json\/wp\/v2\/users\/5"}],"replies":[{"embeddable":true,"href":"https:\/\/evenbytes.com\/es\/wp-json\/wp\/v2\/comments?post=1320"}],"version-history":[{"count":8,"href":"https:\/\/evenbytes.com\/es\/wp-json\/wp\/v2\/pages\/1320\/revisions"}],"predecessor-version":[{"id":1855,"href":"https:\/\/evenbytes.com\/es\/wp-json\/wp\/v2\/pages\/1320\/revisions\/1855"}],"wp:attachment":[{"href":"https:\/\/evenbytes.com\/es\/wp-json\/wp\/v2\/media?parent=1320"}],"curies":[{"name":"wp","href":"https:\/\/api.w.org\/{rel}","templated":true}]}}