{"id":1818,"date":"2019-09-17T19:34:20","date_gmt":"2019-09-17T18:34:20","guid":{"rendered":"https:\/\/evenbytes.com\/casos-de-uso\/"},"modified":"2022-04-22T11:19:55","modified_gmt":"2022-04-22T10:19:55","slug":"casos-de-uso","status":"publish","type":"page","link":"https:\/\/evenbytes.com\/es\/casos-de-uso\/","title":{"rendered":"Casos de uso"},"content":{"rendered":"<div class=\"wpb-content-wrapper\"><p>[vc_row css_animation=\u00bb\u00bb row_type=\u00bbrow\u00bb use_row_as_full_screen_section=\u00bbyes\u00bb type=\u00bbfull_width\u00bb angled_section=\u00bbno\u00bb text_align=\u00bbleft\u00bb background_image_as_pattern=\u00bbwithout_pattern\u00bb z_index=\u00bb\u00bb][vc_column]<div class=\"q_image_with_text_over one_third q_iwto_hover\"><div class=\"shader\" style = \"background-color: rgba(255,255,255,0.01)\"><\/div><div class=\"shader_hover\" style=\"background-color: rgba(49,123,186,0.85)\"><\/div><img decoding=\"async\" itemprop=\"image\" src=\"https:\/\/evenbytes.com\/wp-content\/uploads\/2021\/08\/Appsheet.png\" alt=\"Automatizaci\u00f3n de procesos | Carmila - Carrefour Property\" \/><div class=\"text\"><table><tr><td><h3 class=\"caption no_icon\" style=\"color: #ffffff;font-size: 18px;\">Automatizaci\u00f3n de procesos | Carmila - Carrefour Property<\/h3><\/td><\/tr><\/table><table><tr><td><div class=\"desc\"><\/p>\n<h2 style=\"text-align: center;\"><span style=\"color: #ffffff;\"><a style=\"color: #ffffff;\" href=\"https:\/\/evenbytes.com\/use-cases\/evenbytes-automates-the-operations-of-the-carmila-and-carrefour-property-centers-with-appsheet-technology\/\">EVENBYTES AUTOMATIZA LAS OPERACIONES DE LOS CENTROS DE CARMILA Y CARREFOUR PROPERTY CON APPSHEET<\/a><\/span><\/h2>\n<hr \/>\n<p style=\"text-align: center;\"><strong>Carmila &amp; Carrefour<\/strong><\/p>\n<p><\/div><\/td><\/tr><\/table><\/div><\/div><div class=\"q_image_with_text_over one_third q_iwto_hover\"><div class=\"shader\" style = \"background-color: rgba(255,255,255,0.01)\"><\/div><div class=\"shader_hover\" style=\"background-color: rgba(49,123,186,0.85)\"><\/div><img decoding=\"async\" itemprop=\"image\" src=\"https:\/\/evenbytes.com\/wp-content\/uploads\/2020\/02\/ulises.png\" alt=\"CHATBOT | Gobierno de Espa\u00f1a\" \/><div class=\"text\"><table><tr><td><h3 class=\"caption no_icon\" style=\"color: #ffffff;font-size: 18px;\">CHATBOT | Gobierno de Espa\u00f1a<\/h3><\/td><\/tr><\/table><table><tr><td><div class=\"desc\"><\/p>\n<h2 style=\"text-align: center;\"><span style=\"color: #ffffff;\"><a style=\"color: #ffffff;\" href=\"https:\/\/evenbytes.com\/es\/casos-de-uso\/ulises-un-chatbot-que-ayuda-a-los-ciudadanos-en-la-administracion-publica\/\">Ulises, un chatbot que ayuda a los ciudadanos en la Administraci\u00f3n P\u00fablica.<\/a><\/span><\/h2>\n<hr \/>\n<p style=\"text-align: center;\"><strong>Gobierno de Espa\u00f1a<\/strong><\/p>\n<p><\/div><\/td><\/tr><\/table><\/div><\/div><div class=\"q_image_with_text_over one_third q_iwto_hover\"><div class=\"shader\" style = \"background-color: rgba(255,255,255,0.01)\"><\/div><div class=\"shader_hover\" style=\"background-color: rgba(49,123,186,0.85)\"><\/div><img decoding=\"async\" itemprop=\"image\" src=\"https:\/\/evenbytes.com\/wp-content\/uploads\/2020\/02\/caso-de-uso-solvay.jpg\" alt=\"Transformaci\u00f3n Digital | SOLVAY\" \/><div class=\"text\"><table><tr><td><h3 class=\"caption no_icon\" style=\"color: #ffffff;font-size: 18px;\">Transformaci\u00f3n Digital | SOLVAY<\/h3><\/td><\/tr><\/table><table><tr><td><div class=\"desc\"><\/p>\n<h2 style=\"text-align: center;\"><span style=\"color: #ffffff;\"><a style=\"color: #ffffff;\" href=\"https:\/\/evenbytes.com\/es\/casos-de-uso\/digitalizacion-de-procesos-industriales-en-solvay\/\">Digitalizaci\u00f3n de procesos industriales en SOLVAY<\/a><\/span><\/h2>\n<hr \/>\n<p style=\"text-align: center;\"><strong>SOLVAY<\/strong><\/p>\n<p><\/div><\/td><\/tr><\/table><\/div><\/div><div class=\"q_image_with_text_over one_third q_iwto_hover\"><div class=\"shader\" style = \"background-color: rgba(255,255,255,0.01)\"><\/div><div class=\"shader_hover\" style=\"background-color: rgba(49,123,186,0.85)\"><\/div><img decoding=\"async\" itemprop=\"image\" src=\"https:\/\/evenbytes.com\/wp-content\/uploads\/2020\/02\/vision-artificial.jpg\" alt=\"VISI\u00d3N ARTIFICIAL | Multinacional Industrial\" \/><div class=\"text\"><table><tr><td><h3 class=\"caption no_icon\" style=\"color: #ffffff;font-size: 18px;\">VISI\u00d3N ARTIFICIAL | Multinacional Industrial<\/h3><\/td><\/tr><\/table><table><tr><td><div class=\"desc\"><\/p>\n<h2 style=\"text-align: center;\"><span style=\"color: #ffffff;\"><a style=\"color: #ffffff;\" href=\"https:\/\/evenbytes.com\/es\/casos-de-uso\/aplicacion-de-redes-neuronales-usando-aprendizaje-automatico-para-el-reconocimiento-de-video-en-directo\/\">Aplicaci\u00f3n de redes neuronales usando Machine Learning para el reconocimiento de v\u00eddeo en directo.<\/a><\/span><\/h2>\n<hr \/>\n<p style=\"text-align: center;\"><strong>Multinacional Industrial<\/strong><\/p>\n<p><\/div><\/td><\/tr><\/table><\/div><\/div><div class=\"q_image_with_text_over one_third q_iwto_hover\"><div class=\"shader\" style = \"background-color: rgba(255,255,255,0.01)\"><\/div><div class=\"shader_hover\" style=\"background-color: rgba(49,123,186,0.85)\"><\/div><img decoding=\"async\" itemprop=\"image\" src=\"https:\/\/evenbytes.com\/wp-content\/uploads\/2022\/02\/La-Voragine-Evenbytes.png\" alt=\"Sincronizaci\u00f3n de librer\u00eda f\u00edsica y online | La Vor\u00e1gine\" \/><div class=\"text\"><table><tr><td><h3 class=\"caption no_icon\" style=\"color: #ffffff;font-size: 18px;\">Sincronizaci\u00f3n de librer\u00eda f\u00edsica y online | La Vor\u00e1gine<\/h3><\/td><\/tr><\/table><table><tr><td><div class=\"desc\"><\/p>\n<h2 style=\"text-align: center;\"><span style=\"color: #ffffff;\"><a style=\"color: #ffffff;\" href=\"https:\/\/evenbytes.com\/es\/casos-de-uso\/sincronizacion-de-libreria-fisica-con-libreria-online-de-la-voragine\/\">Sincronizaci\u00f3n de librer\u00eda f\u00edsica con librer\u00eda online de La Vor\u00e1gine.<\/a><\/span><\/h2>\n<hr \/>\n<p><\/div><\/td><\/tr><\/table><\/div><\/div>[\/vc_column][\/vc_row]<\/p>\n<\/div>","protected":false},"excerpt":{"rendered":"<p>[vc_row css_animation=\u00bb\u00bb row_type=\u00bbrow\u00bb use_row_as_full_screen_section=\u00bbyes\u00bb type=\u00bbfull_width\u00bb angled_section=\u00bbno\u00bb text_align=\u00bbleft\u00bb background_image_as_pattern=\u00bbwithout_pattern\u00bb z_index=\u00bb\u00bb][vc_column][\/vc_column][\/vc_row]<\/p>\n","protected":false},"author":5,"featured_media":0,"parent":0,"menu_order":0,"comment_status":"closed","ping_status":"closed","template":"","meta":{"footnotes":""},"class_list":["post-1818","page","type-page","status-publish","hentry"],"_links":{"self":[{"href":"https:\/\/evenbytes.com\/es\/wp-json\/wp\/v2\/pages\/1818","targetHints":{"allow":["GET"]}}],"collection":[{"href":"https:\/\/evenbytes.com\/es\/wp-json\/wp\/v2\/pages"}],"about":[{"href":"https:\/\/evenbytes.com\/es\/wp-json\/wp\/v2\/types\/page"}],"author":[{"embeddable":true,"href":"https:\/\/evenbytes.com\/es\/wp-json\/wp\/v2\/users\/5"}],"replies":[{"embeddable":true,"href":"https:\/\/evenbytes.com\/es\/wp-json\/wp\/v2\/comments?post=1818"}],"version-history":[{"count":32,"href":"https:\/\/evenbytes.com\/es\/wp-json\/wp\/v2\/pages\/1818\/revisions"}],"predecessor-version":[{"id":3854,"href":"https:\/\/evenbytes.com\/es\/wp-json\/wp\/v2\/pages\/1818\/revisions\/3854"}],"wp:attachment":[{"href":"https:\/\/evenbytes.com\/es\/wp-json\/wp\/v2\/media?parent=1818"}],"curies":[{"name":"wp","href":"https:\/\/api.w.org\/{rel}","templated":true}]}}