{"id":2367,"date":"2020-02-27T12:10:04","date_gmt":"2020-02-27T11:10:04","guid":{"rendered":"https:\/\/evenbytes.com\/sobre-nosotros\/"},"modified":"2026-03-27T11:42:43","modified_gmt":"2026-03-27T10:42:43","slug":"sobre-nosotros","status":"publish","type":"page","link":"https:\/\/evenbytes.com\/es\/sobre-nosotros\/","title":{"rendered":"Sobre nosotros"},"content":{"rendered":"<div class=\"wpb-content-wrapper\"><p>[vc_row css_animation=\u00bb\u00bb row_type=\u00bbrow\u00bb use_row_as_full_screen_section=\u00bbno\u00bb type=\u00bbfull_width\u00bb angled_section=\u00bbno\u00bb text_align=\u00bbleft\u00bb background_image_as_pattern=\u00bbwithout_pattern\u00bb][vc_column width=\u00bb3\/4&#8243;][vc_single_image image=\u00bb714&#8243; img_size=\u00bb200&#215;200&#8243; qode_css_animation=\u00bb\u00bb][vc_empty_space height=\u00bb18px\u00bb][vc_column_text]<\/p>\n<p><span style=\"font-size: 16px; line-height: 29px;\">Evenbytes somos una consultora tecnol\u00f3gica con m\u00e1s de 15 a\u00f1os de experiencia en desarrollo de software, <\/span><b>transformaci\u00f3n digital y mejora de procesos. <\/b> <span style=\"font-size: 16px; line-height: 29px;\"><b>Nuestra misi\u00f3n es sacar el m\u00e1ximo potencial al trabajo de las personas y de las empresas, aprovechando los beneficios de los \u00faltimos avances tecnol\u00f3gicos. <\/b><\/span> <span style=\"font-size: 16px; line-height: 29px;\">Nos centramos y adaptamos a las necesidades de cada cliente;  construyendo relaciones de confianza a trav\u00e9s de la ayuda, la flexibilidad y la calidad de nuestro equipo de profesionales.<\/span> <span style=\"font-weight: 400;\">Desde multinacionales a peque\u00f1as empresas conf\u00edan en nosotros para ejecutar su transici\u00f3n hacia el mundo digital.<\/span> <span style=\"font-size: 16px; line-height: 29px;\">Tenemos m\u00e1s de 10 a\u00f1os de experiencia en desarrollos en la nube y somos <\/span><b>Google Cloud Partners<\/b><span style=\"font-weight: 400;\">. <\/span> <span style=\"font-size: 16px; line-height: 29px;\">Invertimos en conocimiento, somos innovadores digitales y ponemos las tecnolog\u00edas m\u00e1s punteras, como la Inteligencia Artificial, IoT o el BigData, al alcance de nuestros clientes en el <strong>mundo <\/strong><\/span><strong>real<\/strong><span style=\"font-weight: 400;\">. <\/span> <span style=\"font-size: 16px; line-height: 29px;\">Somos el partner tecnol\u00f3gico que est\u00e1s buscando.<\/span><\/p>\n<p>[\/vc_column_text][vc_empty_space][vc_separator type=\u00bbsmall\u00bb position=\u00bbcenter\u00bb color=\u00bb#317bba\u00bb][vc_column_text]<\/p>\n<h1>Conoce nuestro super equipo.<\/h1>\n<p>&nbsp;<\/p>\n<p>[\/vc_column_text][vc_empty_space height=\u00bb18px\u00bb][vc_column_text]<span style=\"font-size: 16px; line-height: 29px;\">El equipo est\u00e1 compuesto por ingenieros de TI, algunos con m\u00e1s de 15 a\u00f1os de experiencia (los m\u00e1s viejos) en el sector y otros j\u00f3venes talentosos (\u00a1los mejores profesionales de su clase!).[\/vc_column_text][vc_empty_space height=\u00bb18px\u00bb][vc_row_inner row_type=\u00bbrow\u00bb type=\u00bbfull_width\u00bb text_align=\u00bbleft\u00bb css_animation=\u00bb\u00bb css=\u00bb.vc_custom_1760444123385{background-color: #FFFFFF !important;}\u00bb][vc_column_inner width=\u00bb1\/3&#8243;]<div class='q_team info_on_hover' ><div class='q_team_inner'><div class='q_team_image'><img itemprop='image' src='https:\/\/evenbytes.com\/wp-content\/uploads\/2025\/10\/eb-jacinto-pelayo.png' alt='eb-jacinto-pelayo' \/><div class='q_team_text' style= ''><div class='q_team_text_holder'><div class='q_team_text_holder_inner'><div class='q_team_text_inner'><div class='q_team_title_holder'><h4 class='q_team_name' style = 'color: #ffffff;'>Jacinto Pelayo<\/h4><span style = ''>CEO<\/span><\/div><div class='separator small center' style = ''><\/div><\/div><div class='q_team_social_holder'><span class='q_social_icon_holder normal_social' ><a itemprop='url' href='https:\/\/www.linkedin.com\/in\/jacinto-pelayo-42b62912\/' target='_blank'><i class=\"qode_icon_font_awesome fa fa-linkedin fa-2x simple_social\" style=\"\" ><\/i><\/a><\/span><\/div><\/div><\/div><\/div><\/div><\/div><\/div>[\/vc_column_inner][vc_column_inner width=\u00bb1\/3&#8243;]<div class='q_team info_on_hover' ><div class='q_team_inner'><div class='q_team_image'><img itemprop='image' src='https:\/\/evenbytes.com\/wp-content\/uploads\/2025\/10\/eb-fernando-lopez.png' alt='eb-fernando-lopez' \/><div class='q_team_text' style= ''><div class='q_team_text_holder'><div class='q_team_text_holder_inner'><div class='q_team_text_inner'><div class='q_team_title_holder'><h4 class='q_team_name' style = 'color: #ffffff;'>Fernando L\u00f3pez<\/h4><span style = ''>CTO<\/span><\/div><div class='separator small center' style = ''><\/div><\/div><div class='q_team_social_holder'><span class='q_social_icon_holder normal_social' ><a itemprop='url' href='https:\/\/www.linkedin.com\/in\/fernando-lopez-saiz-16967a16\/' target='_blank'><i class=\"qode_icon_font_awesome fa fa-linkedin fa-2x simple_social\" style=\"\" ><\/i><\/a><\/span><span class='q_social_icon_holder normal_social' ><a itemprop='url' href='https:\/\/github.com\/fernando-lopez' target='_blank'><i class=\"qode_icon_font_awesome fa fa-github fa-2x simple_social\" style=\"\" ><\/i><\/a><\/span><\/div><\/div><\/div><\/div><\/div><\/div><\/div>[\/vc_column_inner][vc_column_inner width=\u00bb1\/3&#8243;]<div class='q_team info_on_hover' ><div class='q_team_inner'><div class='q_team_image'><img itemprop='image' src='https:\/\/evenbytes.com\/wp-content\/uploads\/2025\/10\/eb-juanjo-cacho.png' alt='eb-juanjo-cacho' \/><div class='q_team_text' style= ''><div class='q_team_text_holder'><div class='q_team_text_holder_inner'><div class='q_team_text_inner'><div class='q_team_title_holder'><h4 class='q_team_name' style = 'color: #ffffff;'>Juan Jos\u00e9 Cacho<\/h4><span style = ''>COO<\/span><\/div><div class='separator small center' style = ''><\/div><\/div><div class='q_team_social_holder'><span class='q_social_icon_holder normal_social' ><a itemprop='url' href='https:\/\/www.linkedin.com\/in\/juanjosecacho\/' target='_blank'><i class=\"qode_icon_font_awesome fa fa-linkedin fa-2x simple_social\" style=\"\" ><\/i><\/a><\/span><span class='q_social_icon_holder normal_social' ><a itemprop='url' href='https:\/\/github.com\/cachuco' target='_blank'><i class=\"qode_icon_font_awesome fa fa-github fa-2x simple_social\" style=\"\" ><\/i><\/a><\/span><\/div><\/div><\/div><\/div><\/div><\/div><\/div>[\/vc_column_inner][\/vc_row_inner][vc_empty_space height=\u00bb30px\u00bb][vc_row_inner row_type=\u00bbrow\u00bb type=\u00bbfull_width\u00bb text_align=\u00bbleft\u00bb css_animation=\u00bb\u00bb css=\u00bb.vc_custom_1760444132554{background-color: #FFFFFF !important;}\u00bb][vc_column_inner width=\u00bb1\/3&#8243;]<div class='q_team info_on_hover' ><div class='q_team_inner'><div class='q_team_image'><img itemprop='image' src='https:\/\/evenbytes.com\/wp-content\/uploads\/2025\/10\/eb-jesus-duran.png' alt='eb-jesus-duran' \/><div class='q_team_text' style= ''><div class='q_team_text_holder'><div class='q_team_text_holder_inner'><div class='q_team_text_inner'><div class='q_team_title_holder'><h4 class='q_team_name' style = 'color: #ffffff;'>Jes\u00fas Dur\u00e1n<\/h4><span style = ''>Cloud Architect<\/span><\/div><div class='separator small center' style = ''><\/div><\/div><div class='q_team_social_holder'><span class='q_social_icon_holder normal_social' ><a itemprop='url' href='https:\/\/www.linkedin.com\/in\/jesusduranhernandez\/' target='_blank'><i class=\"qode_icon_font_awesome fa fa-linkedin fa-2x simple_social\" style=\"\" ><\/i><\/a><\/span><\/div><\/div><\/div><\/div><\/div><\/div><\/div>[\/vc_column_inner][vc_column_inner width=\u00bb1\/3&#8243;]<div class='q_team info_on_hover' ><div class='q_team_inner'><div class='q_team_image'><img itemprop='image' src='https:\/\/evenbytes.com\/wp-content\/uploads\/2025\/10\/eb-miguel-traspuesto.png' alt='eb-miguel-traspuesto' \/><div class='q_team_text' style= ''><div class='q_team_text_holder'><div class='q_team_text_holder_inner'><div class='q_team_text_inner'><div class='q_team_title_holder'><h4 class='q_team_name' style = 'color: #ffffff;'>Miguel Traspuesto<\/h4><span style = ''>Data Scientist<\/span><\/div><div class='separator small center' style = ''><\/div><\/div><div class='q_team_social_holder'><span class='q_social_icon_holder normal_social' ><a itemprop='url' href='https:\/\/www.linkedin.com\/in\/traspuesto\/' target='_blank'><i class=\"qode_icon_font_awesome fa fa-linkedin fa-2x simple_social\" style=\"\" ><\/i><\/a><\/span><span class='q_social_icon_holder normal_social' ><a itemprop='url' href='https:\/\/github.com\/MiguiTE' target='_blank'><i class=\"qode_icon_font_awesome fa fa-github fa-2x simple_social\" style=\"\" ><\/i><\/a><\/span><\/div><\/div><\/div><\/div><\/div><\/div><\/div>[\/vc_column_inner][vc_column_inner width=\u00bb1\/3&#8243;]<div class='q_team info_on_hover' ><div class='q_team_inner'><div class='q_team_image'><img itemprop='image' src='https:\/\/evenbytes.com\/wp-content\/uploads\/2025\/10\/eb-cristina-herbella.png' alt='eb-cristina-herbella' \/><div class='q_team_text' style= ''><div class='q_team_text_holder'><div class='q_team_text_holder_inner'><div class='q_team_text_inner'><div class='q_team_title_holder'><h4 class='q_team_name' style = 'color: #ffffff;'>Cristina Hervella<\/h4><span style = ''>Origamee Product Owner<\/span><\/div><div class='separator small center' style = ''><\/div><\/div><div class='q_team_social_holder'><span class='q_social_icon_holder normal_social' ><a itemprop='url' href='https:\/\/www.linkedin.com\/in\/cristinahervellabaturone\/' target='_blank'><i class=\"qode_icon_font_awesome fa fa-linkedin fa-2x simple_social\" style=\"\" ><\/i><\/a><\/span><\/div><\/div><\/div><\/div><\/div><\/div><\/div>[\/vc_column_inner][\/vc_row_inner][vc_empty_space height=\u00bb30px\u00bb][vc_row_inner row_type=\u00bbrow\u00bb type=\u00bbfull_width\u00bb text_align=\u00bbleft\u00bb css_animation=\u00bb\u00bb css=\u00bb.vc_custom_1760444151867{background-color: #FFFFFF !important;}\u00bb][vc_column_inner width=\u00bb1\/3&#8243;]<div class='q_team info_on_hover' ><div class='q_team_inner'><div class='q_team_image'><img itemprop='image' src='https:\/\/evenbytes.com\/wp-content\/uploads\/2025\/10\/eb-maria-velasco.png' alt='eb-maria-velasco' \/><div class='q_team_text' style= ''><div class='q_team_text_holder'><div class='q_team_text_holder_inner'><div class='q_team_text_inner'><div class='q_team_title_holder'><h4 class='q_team_name' style = 'color: #ffffff;'>Mar\u00eda Velasco<\/h4><span style = ''>Head of Public Sector<\/span><\/div><div class='separator small center' style = ''><\/div><\/div><div class='q_team_social_holder'><\/div><\/div><\/div><\/div><\/div><\/div><\/div>[\/vc_column_inner][vc_column_inner width=\u00bb1\/3&#8243;]<div class='q_team info_on_hover' ><div class='q_team_inner'><div class='q_team_image'><img itemprop='image' src='https:\/\/evenbytes.com\/wp-content\/uploads\/2025\/10\/eb-monica-revestido.png' alt='eb-monica-revestido' \/><div class='q_team_text' style= ''><div class='q_team_text_holder'><div class='q_team_text_holder_inner'><div class='q_team_text_inner'><div class='q_team_title_holder'><h4 class='q_team_name' style = 'color: #ffffff;'>M\u00f3nica Revestido<\/h4><span style = ''>Origamee Business Developer<\/span><\/div><div class='separator small center' style = ''><\/div><\/div><div class='q_team_social_holder'><\/div><\/div><\/div><\/div><\/div><\/div><\/div>[\/vc_column_inner][vc_column_inner width=\u00bb1\/3&#8243;]<div class='q_team info_on_hover' ><div class='q_team_inner'><div class='q_team_image'><img itemprop='image' src='https:\/\/evenbytes.com\/wp-content\/uploads\/2025\/10\/eb-roberto-ortiz.png' alt='eb-roberto-ortiz' \/><div class='q_team_text' style= ''><div class='q_team_text_holder'><div class='q_team_text_holder_inner'><div class='q_team_text_inner'><div class='q_team_title_holder'><h4 class='q_team_name' style = 'color: #ffffff;'>Roberto Ortiz<\/h4><span style = ''>Consultant<\/span><\/div><div class='separator small center' style = ''><\/div><\/div><div class='q_team_social_holder'><span class='q_social_icon_holder normal_social' ><a itemprop='url' href='https:\/\/www.linkedin.com\/in\/rortiznet\/' target='_blank'><i class=\"qode_icon_font_awesome fa fa-linkedin fa-2x simple_social\" style=\"\" ><\/i><\/a><\/span><\/div><\/div><\/div><\/div><\/div><\/div><\/div>[\/vc_column_inner][\/vc_row_inner][vc_empty_space height=\u00bb30px\u00bb][vc_row_inner row_type=\u00bbrow\u00bb type=\u00bbfull_width\u00bb text_align=\u00bbleft\u00bb css_animation=\u00bb\u00bb css=\u00bb.vc_custom_1760444183447{background-color: #FFFFFF !important;}\u00bb][vc_column_inner width=\u00bb1\/3&#8243;]<div class='q_team info_on_hover' ><div class='q_team_inner'><div class='q_team_image'><img itemprop='image' src='https:\/\/evenbytes.com\/wp-content\/uploads\/2025\/10\/eb-ludovic-laisnez.png' alt='eb-ludovic-laisnez' \/><div class='q_team_text' style= ''><div class='q_team_text_holder'><div class='q_team_text_holder_inner'><div class='q_team_text_inner'><div class='q_team_title_holder'><h4 class='q_team_name' style = 'color: #ffffff;'>Ludovic Laisnez<\/h4><span style = ''>Fullstack Developer<\/span><\/div><div class='separator small center' style = ''><\/div><\/div><div class='q_team_social_holder'><span class='q_social_icon_holder normal_social' ><a itemprop='url' href='https:\/\/www.linkedin.com\/in\/ludovic-laisnez\/' target='_blank'><i class=\"qode_icon_font_awesome fa fa-linkedin fa-2x simple_social\" style=\"\" ><\/i><\/a><\/span><\/div><\/div><\/div><\/div><\/div><\/div><\/div>[\/vc_column_inner][vc_column_inner width=\u00bb1\/3&#8243;]<div class='q_team info_on_hover' ><div class='q_team_inner'><div class='q_team_image'><img itemprop='image' src='https:\/\/evenbytes.com\/wp-content\/uploads\/2025\/10\/eb-pedro-delgado.png' alt='eb-pedro-delgado' \/><div class='q_team_text' style= ''><div class='q_team_text_holder'><div class='q_team_text_holder_inner'><div class='q_team_text_inner'><div class='q_team_title_holder'><h4 class='q_team_name' style = 'color: #ffffff;'>Pedro Delgado<\/h4><span style = ''>Data Scientist<\/span><\/div><div class='separator small center' style = ''><\/div><\/div><div class='q_team_social_holder'><\/div><\/div><\/div><\/div><\/div><\/div><\/div>[\/vc_column_inner][vc_column_inner width=\u00bb1\/3&#8243;]<div class='q_team info_on_hover' ><div class='q_team_inner'><div class='q_team_image'><img itemprop='image' src='https:\/\/evenbytes.com\/wp-content\/uploads\/2025\/10\/eb-erwin-marte.png' alt='eb-erwin-marte' \/><div class='q_team_text' style= ''><div class='q_team_text_holder'><div class='q_team_text_holder_inner'><div class='q_team_text_inner'><div class='q_team_title_holder'><h4 class='q_team_name' style = 'color: #ffffff;'>Erwin Marte<\/h4><span style = ''>Fullstack Developer<\/span><\/div><div class='separator small center' style = ''><\/div><\/div><div class='q_team_social_holder'><span class='q_social_icon_holder normal_social' ><a itemprop='url' href='https:\/\/www.linkedin.com\/in\/erwinmarte\/' target='_blank'><i class=\"qode_icon_font_awesome fa fa-linkedin fa-2x simple_social\" style=\"\" ><\/i><\/a><\/span><\/div><\/div><\/div><\/div><\/div><\/div><\/div>[\/vc_column_inner][\/vc_row_inner][vc_empty_space height=\u00bb30px\u00bb][vc_row_inner row_type=\u00bbrow\u00bb type=\u00bbfull_width\u00bb text_align=\u00bbleft\u00bb css_animation=\u00bb\u00bb css=\u00bb.vc_custom_1760444194662{background-color: #FFFFFF !important;}\u00bb][vc_column_inner width=\u00bb1\/3&#8243;]<div class='q_team info_on_hover' ><div class='q_team_inner'><div class='q_team_image'><img itemprop='image' src='https:\/\/evenbytes.com\/wp-content\/uploads\/2025\/10\/eb-pilar-modino.png' alt='eb-pilar-modino' \/><div class='q_team_text' style= ''><div class='q_team_text_holder'><div class='q_team_text_holder_inner'><div class='q_team_text_inner'><div class='q_team_title_holder'><h4 class='q_team_name' style = 'color: #ffffff;'>Pilar Modino<\/h4><span style = ''>Service Delivery Manager and Quality Officer<\/span><\/div><div class='separator small center' style = ''><\/div><\/div><div class='q_team_social_holder'><span class='q_social_icon_holder normal_social' ><a itemprop='url' href='https:\/\/www.linkedin.com\/in\/pilar-modino-gomez\/' target='_blank'><i class=\"qode_icon_font_awesome fa fa-linkedin fa-2x simple_social\" style=\"\" ><\/i><\/a><\/span><\/div><\/div><\/div><\/div><\/div><\/div><\/div>[\/vc_column_inner][vc_column_inner width=\u00bb1\/3&#8243;]<div class='q_team info_on_hover' ><div class='q_team_inner'><div class='q_team_image'><img itemprop='image' src='https:\/\/evenbytes.com\/wp-content\/uploads\/2025\/10\/eb-david-ruiz.png' alt='eb-david-ruiz' \/><div class='q_team_text' style= ''><div class='q_team_text_holder'><div class='q_team_text_holder_inner'><div class='q_team_text_inner'><div class='q_team_title_holder'><h4 class='q_team_name' style = 'color: #ffffff;'>David Ruiz<\/h4><span style = ''>Cloud developer<\/span><\/div><div class='separator small center' style = ''><\/div><\/div><div class='q_team_social_holder'><\/div><\/div><\/div><\/div><\/div><\/div><\/div>[\/vc_column_inner][vc_column_inner width=\u00bb1\/3&#8243;]<div class='q_team info_on_hover' ><div class='q_team_inner'><div class='q_team_image'><img itemprop='image' src='https:\/\/evenbytes.com\/wp-content\/uploads\/2025\/10\/eb-alejandro-ortega.png' alt='eb-alejandro-ortega' \/><div class='q_team_text' style= ''><div class='q_team_text_holder'><div class='q_team_text_holder_inner'><div class='q_team_text_inner'><div class='q_team_title_holder'><h4 class='q_team_name' style = 'color: #ffffff;'>Alejandro Ortega<\/h4><span style = ''>Data Scientist<\/span><\/div><div class='separator small center' style = ''><\/div><\/div><div class='q_team_social_holder'><\/div><\/div><\/div><\/div><\/div><\/div><\/div>[\/vc_column_inner][\/vc_row_inner][vc_empty_space height=\u00bb30px\u00bb][vc_row_inner row_type=\u00bbrow\u00bb type=\u00bbfull_width\u00bb text_align=\u00bbleft\u00bb css_animation=\u00bb\u00bb css=\u00bb.vc_custom_1760444202565{background-color: #FFFFFF !important;}\u00bb][vc_column_inner width=\u00bb1\/3&#8243;]<div class='q_team info_on_hover' ><div class='q_team_inner'><div class='q_team_image'><img itemprop='image' src='https:\/\/evenbytes.com\/wp-content\/uploads\/2025\/10\/eb-julia-bartoli.png' alt='eb-julia-bartoli' \/><div class='q_team_text' style= ''><div class='q_team_text_holder'><div class='q_team_text_holder_inner'><div class='q_team_text_inner'><div class='q_team_title_holder'><h4 class='q_team_name' style = 'color: #ffffff;'>Julia Bartoli<\/h4><span style = ''>Cloud developer<\/span><\/div><div class='separator small center' style = ''><\/div><\/div><div class='q_team_social_holder'><\/div><\/div><\/div><\/div><\/div><\/div><\/div>[\/vc_column_inner][vc_column_inner width=\u00bb1\/3&#8243;]<div class='q_team info_on_hover' ><div class='q_team_inner'><div class='q_team_image'><img itemprop='image' src='https:\/\/evenbytes.com\/wp-content\/uploads\/2025\/10\/eb-maria-gutierrez.png' alt='eb-maria-gutierrez' \/><div class='q_team_text' style= ''><div class='q_team_text_holder'><div class='q_team_text_holder_inner'><div class='q_team_text_inner'><div class='q_team_title_holder'><h4 class='q_team_name' style = 'color: #ffffff;'>Mar\u00eda Gutierrez<\/h4><span style = ''>Cloud developer<\/span><\/div><div class='separator small center' style = ''><\/div><\/div><div class='q_team_social_holder'><\/div><\/div><\/div><\/div><\/div><\/div><\/div>[\/vc_column_inner][vc_column_inner width=\u00bb1\/3&#8243;]<div class='q_team info_on_hover' ><div class='q_team_inner'><div class='q_team_image'><img itemprop='image' src='https:\/\/evenbytes.com\/wp-content\/uploads\/2025\/10\/eb-valentino-vargas.png' alt='eb-valentino-vargas' \/><div class='q_team_text' style= ''><div class='q_team_text_holder'><div class='q_team_text_holder_inner'><div class='q_team_text_inner'><div class='q_team_title_holder'><h4 class='q_team_name' style = 'color: #ffffff;'>Valentino Vargas<\/h4><span style = ''>Marketing<\/span><\/div><div class='separator small center' style = ''><\/div><\/div><div class='q_team_social_holder'><\/div><\/div><\/div><\/div><\/div><\/div><\/div>[\/vc_column_inner][\/vc_row_inner][vc_empty_space height=\u00bb30px\u00bb][vc_row_inner row_type=\u00bbrow\u00bb type=\u00bbfull_width\u00bb text_align=\u00bbleft\u00bb css_animation=\u00bb\u00bb css=\u00bb.vc_custom_1760444202565{background-color: #FFFFFF !important;}\u00bb][vc_column_inner width=\u00bb1\/3&#8243;]<div class='q_team info_on_hover' ><div class='q_team_inner'><div class='q_team_image'><img itemprop='image' src='https:\/\/evenbytes.com\/wp-content\/uploads\/2026\/03\/Lidia.png' alt='Lidia' \/><div class='q_team_text' style= ''><div class='q_team_text_holder'><div class='q_team_text_holder_inner'><div class='q_team_text_inner'><div class='q_team_title_holder'><h4 class='q_team_name' style = 'color: #ffffff;'>Lidia Mora<\/h4><span style = ''>Ingeniera Software IoT<\/span><\/div><div class='separator small center' style = ''><\/div><\/div><div class='q_team_social_holder'><\/div><\/div><\/div><\/div><\/div><\/div><\/div>[\/vc_column_inner][vc_column_inner width=\u00bb1\/3&#8243;]<div class='q_team info_on_hover' ><div class='q_team_inner'><div class='q_team_image'><img itemprop='image' src='https:\/\/evenbytes.com\/wp-content\/uploads\/2026\/03\/Santi-2.png' alt='Santi 2' \/><div class='q_team_text' style= ''><div class='q_team_text_holder'><div class='q_team_text_holder_inner'><div class='q_team_text_inner'><div class='q_team_title_holder'><h4 class='q_team_name' style = 'color: #ffffff;'>Santiago G\u00f3mez de la torre<\/h4><span style = ''>Fullstack developer<\/span><\/div><div class='separator small center' style = ''><\/div><\/div><div class='q_team_social_holder'><\/div><\/div><\/div><\/div><\/div><\/div><\/div>[\/vc_column_inner][vc_column_inner width=\u00bb1\/3&#8243;]<div class='q_team info_on_hover' ><div class='q_team_inner'><div class='q_team_image'><img itemprop='image' src='https:\/\/evenbytes.com\/wp-content\/uploads\/2026\/03\/Patri-Evenbytes.png' alt='Patri Evenbytes' \/><div class='q_team_text' style= ''><div class='q_team_text_holder'><div class='q_team_text_holder_inner'><div class='q_team_text_inner'><div class='q_team_title_holder'><h4 class='q_team_name' style = 'color: #ffffff;'>Patricia Blanco<\/h4><span style = ''>Ingeniera Software IA<\/span><\/div><div class='separator small center' style = ''><\/div><\/div><div class='q_team_social_holder'><\/div><\/div><\/div><\/div><\/div><\/div><\/div>[\/vc_column_inner][\/vc_row_inner][vc_empty_space height=\u00bb30px\u00bb][vc_row_inner row_type=\u00bbrow\u00bb type=\u00bbfull_width\u00bb text_align=\u00bbleft\u00bb css_animation=\u00bb\u00bb css=\u00bb.vc_custom_1760444202565{background-color: #FFFFFF !important;}\u00bb][vc_column_inner width=\u00bb1\/3&#8243;]<div class='q_team info_on_hover' ><div class='q_team_inner'><div class='q_team_image'><img itemprop='image' src='https:\/\/evenbytes.com\/wp-content\/uploads\/2026\/03\/Ines-foto-team.png' alt='In\u00e9s foto team' \/><div class='q_team_text' style= ''><div class='q_team_text_holder'><div class='q_team_text_holder_inner'><div class='q_team_text_inner'><div class='q_team_title_holder'><h4 class='q_team_name' style = 'color: #ffffff;'>In\u00e9s Moure<\/h4><span style = ''>Project Manager<\/span><\/div><div class='separator small center' style = ''><\/div><\/div><div class='q_team_social_holder'><\/div><\/div><\/div><\/div><\/div><\/div><\/div>[\/vc_column_inner][vc_column_inner width=\u00bb1\/3&#8243;][\/vc_column_inner][vc_column_inner width=\u00bb1\/3&#8243;][\/vc_column_inner][\/vc_row_inner][vc_empty_space height=\u00bb64px\u00bb][\/vc_column][vc_column width=\u00bb1\/4&#8243;][vc_row_inner row_type=\u00bbrow\u00bb type=\u00bbfull_width\u00bb text_align=\u00bbleft\u00bb css_animation=\u00bb\u00bb][vc_column_inner][vc_single_image image=\u00bb1552&#8243; img_size=\u00bbfull\u00bb alignment=\u00bbcenter\u00bb onclick=\u00bbcustom_link\u00bb qode_css_animation=\u00bb\u00bb link=\u00bbhttps:\/\/cloud.withgoogle.com\/partners\/detail\/?id=ACkb94bT_6b2qkswL_a-D9hfOhUtwS59nh9jBVuwZxEZKaWD54NltuWoKZsZ_L_OVQJlCyGYdPAZ&amp;hl=en\u00bb][vc_empty_space height=\u00bb18px\u00bb][vc_single_image image=\u00bb1230&#8243; img_size=\u00bbfull\u00bb alignment=\u00bbcenter\u00bb onclick=\u00bbcustom_link\u00bb qode_css_animation=\u00bb\u00bb link=\u00bbhttps:\/\/evenbytes.com\/services\/appsheet-rapid-mobile-application-development-without-code\/\u00bb][vc_empty_space height=\u00bb18px\u00bb][\/vc_column_inner][\/vc_row_inner][vc_single_image image=\u00bb2876&#8243; img_size=\u00bbfull\u00bb alignment=\u00bbcenter\u00bb onclick=\u00bbcustom_link\u00bb qode_css_animation=\u00bb\u00bb][vc_empty_space height=\u00bb18px\u00bb][vc_single_image image=\u00bb2878&#8243; img_size=\u00bbfull\u00bb alignment=\u00bbcenter\u00bb onclick=\u00bbcustom_link\u00bb qode_css_animation=\u00bb\u00bb][vc_empty_space height=\u00bb18px\u00bb][vc_single_image image=\u00bb2878&#8243; img_size=\u00bbfull\u00bb alignment=\u00bbcenter\u00bb onclick=\u00bbcustom_link\u00bb qode_css_animation=\u00bb\u00bb][\/vc_column][\/vc_row]<\/p>\n<\/div>","protected":false},"excerpt":{"rendered":"<p>[vc_row css_animation=\u00bb\u00bb row_type=\u00bbrow\u00bb use_row_as_full_screen_section=\u00bbno\u00bb type=\u00bbfull_width\u00bb angled_section=\u00bbno\u00bb text_align=\u00bbleft\u00bb background_image_as_pattern=\u00bbwithout_pattern\u00bb][vc_column width=\u00bb3\/4&#8243;][vc_single_image image=\u00bb714&#8243; img_size=\u00bb200&#215;200&#8243; qode_css_animation=\u00bb\u00bb][vc_empty_space height=\u00bb18px\u00bb][vc_column_text] Evenbytes somos una consultora tecnol\u00f3gica con m\u00e1s de 15 a\u00f1os de experiencia en desarrollo de software, transformaci\u00f3n digital y mejora de procesos. Nuestra misi\u00f3n es sacar el m\u00e1ximo potencial al trabajo de&#8230;<\/p>\n","protected":false},"author":5,"featured_media":0,"parent":0,"menu_order":0,"comment_status":"closed","ping_status":"closed","template":"","meta":{"footnotes":""},"class_list":["post-2367","page","type-page","status-publish","hentry"],"_links":{"self":[{"href":"https:\/\/evenbytes.com\/es\/wp-json\/wp\/v2\/pages\/2367","targetHints":{"allow":["GET"]}}],"collection":[{"href":"https:\/\/evenbytes.com\/es\/wp-json\/wp\/v2\/pages"}],"about":[{"href":"https:\/\/evenbytes.com\/es\/wp-json\/wp\/v2\/types\/page"}],"author":[{"embeddable":true,"href":"https:\/\/evenbytes.com\/es\/wp-json\/wp\/v2\/users\/5"}],"replies":[{"embeddable":true,"href":"https:\/\/evenbytes.com\/es\/wp-json\/wp\/v2\/comments?post=2367"}],"version-history":[{"count":53,"href":"https:\/\/evenbytes.com\/es\/wp-json\/wp\/v2\/pages\/2367\/revisions"}],"predecessor-version":[{"id":4682,"href":"https:\/\/evenbytes.com\/es\/wp-json\/wp\/v2\/pages\/2367\/revisions\/4682"}],"wp:attachment":[{"href":"https:\/\/evenbytes.com\/es\/wp-json\/wp\/v2\/media?parent=2367"}],"curies":[{"name":"wp","href":"https:\/\/api.w.org\/{rel}","templated":true}]}}