{"id":2505,"date":"2020-04-03T09:57:49","date_gmt":"2020-04-03T08:57:49","guid":{"rendered":"https:\/\/evenbytes.com\/?page_id=2505"},"modified":"2020-04-21T16:16:11","modified_gmt":"2020-04-21T15:16:11","slug":"dona-tu-wifi-para-que-nadie-se-quede-atras","status":"publish","type":"page","link":"https:\/\/evenbytes.com\/es\/casos-de-uso\/dona-tu-wifi-para-que-nadie-se-quede-atras\/","title":{"rendered":"#DonoMiWiFi: Dona tu WiFi para que nadie se quede atr\u00e1s"},"content":{"rendered":"<div class=\"wpb-content-wrapper\"><p>[vc_row css_animation=\u00bb\u00bb row_type=\u00bbrow\u00bb use_row_as_full_screen_section=\u00bbno\u00bb type=\u00bbgrid\u00bb angled_section=\u00bbno\u00bb text_align=\u00bbleft\u00bb background_image_as_pattern=\u00bbwithout_pattern\u00bb z_index=\u00bb\u00bb][vc_column width=\u00bb1\/6&#8243;][\/vc_column][vc_column width=\u00bb4\/6&#8243;][vc_single_image image=\u00bb2507&#8243; img_size=\u00bbfull\u00bb alignment=\u00bbcenter\u00bb qode_css_animation=\u00bb\u00bb][vc_empty_space][vc_single_image image=\u00bb2522&#8243; img_size=\u00bbfull\u00bb alignment=\u00bbcenter\u00bb onclick=\u00bbcustom_link\u00bb img_link_target=\u00bb_blank\u00bb qode_css_animation=\u00bb\u00bb link=\u00bbhttps:\/\/play.google.com\/store\/apps\/details?id=com.appsheet.whitelabel.guid_63358d2c_aa3f_41f3_ab7f_1ae49529f60f\u00bb][vc_empty_space][vc_column_text]<\/p>\n<h1>Dona tu WiFi para que nadie se quede atr\u00e1s.<\/h1>\n<p>[\/vc_column_text][vc_empty_space][vc_column_text]<span style=\"font-weight: 400;\">Debido a la situaci\u00f3n de aislamiento es fundamental que la red llegue a los hogares para que la poblaci\u00f3n c\u00e1ntabra pueda acceder a informaci\u00f3n y ayuda, integrar a todo el estudiantado en la tele-educaci\u00f3n, etc.<\/span><\/p>\n<p><span style=\"font-weight: 400;\">La idea surge de la <\/span><b>Red C\u00e1ntabra de Apoyo Mutuo<\/b><span style=\"font-weight: 400;\">, <\/span><b>Creando Estudio Gr\u00e1fico<\/b><span style=\"font-weight: 400;\"> y <\/span><b>Evenbytes<\/b><span style=\"font-weight: 400;\">.<\/span><\/p>\n<p><span style=\"font-weight: 400;\">La aplicaci\u00f3n <\/span><b>DonoMiWiFi<\/b><span style=\"font-weight: 400;\"> da la posibilidad de poner en contacto a personas que comparten su WiFi con las personas cercanas que necesitan conexi\u00f3n.<\/span>[\/vc_column_text][vc_empty_space][vc_row_inner row_type=\u00bbrow\u00bb type=\u00bbfull_width\u00bb text_align=\u00bbleft\u00bb css_animation=\u00bb\u00bb][vc_column_inner width=\u00bb1\/3&#8243; offset=\u00bbvc_col-xs-4&#8243;][vc_single_image image=\u00bb2518&#8243; img_size=\u00bbfull\u00bb alignment=\u00bbcenter\u00bb qode_css_animation=\u00bb\u00bb][\/vc_column_inner][vc_column_inner width=\u00bb1\/3&#8243; offset=\u00bbvc_col-xs-4&#8243;][vc_single_image image=\u00bb2514&#8243; img_size=\u00bbfull\u00bb alignment=\u00bbcenter\u00bb qode_css_animation=\u00bb\u00bb][\/vc_column_inner][vc_column_inner width=\u00bb1\/3&#8243; offset=\u00bbvc_col-xs-4&#8243;][vc_single_image image=\u00bb2516&#8243; img_size=\u00bbfull\u00bb alignment=\u00bbcenter\u00bb qode_css_animation=\u00bb\u00bb][\/vc_column_inner][\/vc_row_inner][vc_empty_space][vc_column_text]<\/p>\n<h2>Pol\u00edtica de Privacidad<\/h2>\n<p>[\/vc_column_text][vc_column_text]Cuando una persona se conecta a la aplicaci\u00f3n, se muestran los contactos de las personas que est\u00e1n en un radio cercano a su ubicaci\u00f3n, para ello, necesita conocer la ubicaci\u00f3n donde se sit\u00faa la conexi\u00f3n WiFi y poder informar de las redes cercanas a las personas que busquen una red a la que conectarse.<\/p>\n<ul>\n<li>Las ubicaciones almacenadas no ser\u00e1n utilizadas por nosotros ni ser\u00e1n cedidas para otros usos.<\/li>\n<li>La aplicaci\u00f3n no almacena ninguna informaci\u00f3n sobre las redes WiFi compartidas.<\/li>\n<\/ul>\n<p>Todos los usuarios\/as pueden eliminar la informaci\u00f3n sobre su \u00abpunto de WiFi\u00bb en cualquier momento desde la pesta\u00f1a de \u00abMis Datos\u00bb.<\/p>\n<p><a href=\"https:\/\/evenbytes.com\/wp-content\/uploads\/2020\/04\/Poli\u0301tica-de-privacidad-DonoMiWiFi.pdf\">Leer Pol\u00edtica de privacidad completa.<\/a>[\/vc_column_text][vc_empty_space][vc_empty_space][\/vc_column][vc_column width=\u00bb1\/6&#8243;][\/vc_column][\/vc_row]<\/p>\n<\/div>","protected":false},"excerpt":{"rendered":"<p>[vc_row css_animation=\u00bb\u00bb row_type=\u00bbrow\u00bb use_row_as_full_screen_section=\u00bbno\u00bb type=\u00bbgrid\u00bb angled_section=\u00bbno\u00bb text_align=\u00bbleft\u00bb background_image_as_pattern=\u00bbwithout_pattern\u00bb z_index=\u00bb\u00bb][vc_column width=\u00bb1\/6&#8243;][\/vc_column][vc_column width=\u00bb4\/6&#8243;][vc_single_image image=\u00bb2507&#8243; img_size=\u00bbfull\u00bb alignment=\u00bbcenter\u00bb qode_css_animation=\u00bb\u00bb][vc_empty_space][vc_single_image image=\u00bb2522&#8243; img_size=\u00bbfull\u00bb alignment=\u00bbcenter\u00bb onclick=\u00bbcustom_link\u00bb img_link_target=\u00bb_blank\u00bb qode_css_animation=\u00bb\u00bb link=\u00bbhttps:\/\/play.google.com\/store\/apps\/details?id=com.appsheet.whitelabel.guid_63358d2c_aa3f_41f3_ab7f_1ae49529f60f\u00bb][vc_empty_space][vc_column_text] Dona tu WiFi para que nadie se quede atr\u00e1s. [\/vc_column_text][vc_empty_space][vc_column_text]Debido a la situaci\u00f3n de aislamiento es fundamental que la red llegue a los&#8230;<\/p>\n","protected":false},"author":5,"featured_media":2510,"parent":1818,"menu_order":0,"comment_status":"closed","ping_status":"closed","template":"full_width usecase.php","meta":{"footnotes":""},"class_list":["post-2505","page","type-page","status-publish","has-post-thumbnail","hentry"],"_links":{"self":[{"href":"https:\/\/evenbytes.com\/es\/wp-json\/wp\/v2\/pages\/2505","targetHints":{"allow":["GET"]}}],"collection":[{"href":"https:\/\/evenbytes.com\/es\/wp-json\/wp\/v2\/pages"}],"about":[{"href":"https:\/\/evenbytes.com\/es\/wp-json\/wp\/v2\/types\/page"}],"author":[{"embeddable":true,"href":"https:\/\/evenbytes.com\/es\/wp-json\/wp\/v2\/users\/5"}],"replies":[{"embeddable":true,"href":"https:\/\/evenbytes.com\/es\/wp-json\/wp\/v2\/comments?post=2505"}],"version-history":[{"count":15,"href":"https:\/\/evenbytes.com\/es\/wp-json\/wp\/v2\/pages\/2505\/revisions"}],"predecessor-version":[{"id":2565,"href":"https:\/\/evenbytes.com\/es\/wp-json\/wp\/v2\/pages\/2505\/revisions\/2565"}],"up":[{"embeddable":true,"href":"https:\/\/evenbytes.com\/es\/wp-json\/wp\/v2\/pages\/1818"}],"wp:featuredmedia":[{"embeddable":true,"href":"https:\/\/evenbytes.com\/es\/wp-json\/wp\/v2\/media\/2510"}],"wp:attachment":[{"href":"https:\/\/evenbytes.com\/es\/wp-json\/wp\/v2\/media?parent=2505"}],"curies":[{"name":"wp","href":"https:\/\/api.w.org\/{rel}","templated":true}]}}