{"id":2987,"date":"2020-12-04T11:10:25","date_gmt":"2020-12-04T10:10:25","guid":{"rendered":"https:\/\/evenbytes.com\/gigi-el-chatbot-de-asistencia-virtual\/"},"modified":"2020-12-04T11:39:29","modified_gmt":"2020-12-04T10:39:29","slug":"gigi-el-chatbot-de-asistencia-virtual","status":"publish","type":"page","link":"https:\/\/evenbytes.com\/es\/productos\/gigi-el-chatbot-de-asistencia-virtual\/","title":{"rendered":"GIGI, el chatbot de asistencia virtual"},"content":{"rendered":"<div class=\"wpb-content-wrapper\"><p>[vc_row css_animation=\u00bb\u00bb row_type=\u00bbrow\u00bb use_row_as_full_screen_section=\u00bbno\u00bb type=\u00bbgrid\u00bb angled_section=\u00bbno\u00bb text_align=\u00bbleft\u00bb background_image_as_pattern=\u00bbwithout_pattern\u00bb z_index=\u00bb\u00bb css=\u00bb.vc_custom_1607073749800{padding-top: 60px !important;padding-bottom: 100px !important;}\u00bb el_class=\u00bbgigi-back_brown\u00bb][vc_column][vc_row_inner row_type=\u00bbrow\u00bb type=\u00bbfull_width\u00bb text_align=\u00bbleft\u00bb css_animation=\u00bb\u00bb][vc_column_inner width=\u00bb1\/3&#8243;][vc_single_image image=\u00bb2945&#8243; img_size=\u00bbfull\u00bb alignment=\u00bbcenter\u00bb qode_css_animation=\u00bb\u00bb][\/vc_column_inner][vc_column_inner width=\u00bb2\/3&#8243;][vc_empty_space][vc_column_text]<\/p>\n<h2>Hola, soy Gigi, estoy aqu\u00ed para ayudarte a resolver las peticiones de tus clientes. Despreoc\u00fapate, de ellos me encargo yo.<\/h2>\n<p>[\/vc_column_text][vc_empty_space][vc_column_text]<span style=\"font-size: 24px; line-height: 32px;\">Gigi es un robot dise\u00f1ado para optimizar las relaciones entre las empresas y sus clientes. Gracias a la inteligencia artificial de Google y al servicio de interfaz enriquecida, podr\u00e1 ejecutar perfectamente las tareas de asistente virtual, conversar con los usuarios de manera natural, programar citas, hablar sobre precios, productos y servicios.<br \/>\n<\/span>[\/vc_column_text][vc_empty_space][\/vc_column_inner][\/vc_row_inner][\/vc_column][\/vc_row][vc_row css_animation=\u00bb\u00bb row_type=\u00bbrow\u00bb use_row_as_full_screen_section=\u00bbno\u00bb type=\u00bbfull_width\u00bb angled_section=\u00bbno\u00bb text_align=\u00bbleft\u00bb background_image_as_pattern=\u00bbwithout_pattern\u00bb z_index=\u00bb\u00bb css=\u00bb.vc_custom_1607074221629{margin-bottom: -230px !important;padding-top: 100px !important;background-color: #ffffff !important;}\u00bb][vc_column][vc_row_inner row_type=\u00bbrow\u00bb type=\u00bbgrid\u00bb text_align=\u00bbleft\u00bb css_animation=\u00bb\u00bb][vc_column_inner width=\u00bb1\/2&#8243; css=\u00bb.vc_custom_1607074248258{padding-right: 35px !important;}\u00bb][vc_column_text]<\/p>\n<h2>\u00bfPor qu\u00e9 tu negocio necesita un chatbot como Gigi?<\/h2>\n<p>[\/vc_column_text][vc_empty_space][vc_column_text]<\/p>\n<p style=\"font-size: 20px !important;\">Muchas empresas y comercios est\u00e1n apostando por los chatbots como modelos de comunicaci\u00f3n digital que les permita mejorar la eficiencia empresarial y el servicio al cliente, porque est\u00e1 dise\u00f1ado para poder ejecutar tareas de manera independiente, sin necesidad de intervenci\u00f3n humana.<\/p>\n<p style=\"font-size: 20px !important;\">El chatbot es capaz de mantener una conversaci\u00f3n con los clientes y guiarlos para que puedan obtener lo que est\u00e1n buscando, sin importar el d\u00eda y la hora, <strong>el objetivo de Gigi es ahorrar tiempo y hacerle las cosas m\u00e1s simples y pr\u00e1cticas a los clientes.<\/strong><\/p>\n<p>[\/vc_column_text][\/vc_column_inner][vc_column_inner width=\u00bb1\/2&#8243; css=\u00bb.vc_custom_1607075611143{padding-left: 35px !important;background-color: rgba(255,255,255,0.5) !important;*background-color: rgb(255,255,255) !important;}\u00bb][vc_empty_space height=\u00bb113px\u00bb]<div class=\"q_icon_list\"><i class=\"qode_icon_font_awesome fa fa-shopping-cart qode-ili-icon-holder transparent\" style=\"font-size: 30px;color: #706364;\" ><\/i><p style=\"margin-bottom: 20px;\">Soluci\u00f3n r\u00e1pida de incidencias: El chatbot opera 24\/7<\/p><\/div><div class=\"q_icon_list\"><i class=\"qode_icon_font_awesome fa fa-spinner qode-ili-icon-holder transparent\" style=\"font-size: 30px;color: #706364;\" ><\/i><p style=\"margin-bottom: 20px;\">Generador de leads: Solicita de manera autom\u00e1tica informaci\u00f3n de los usuarios para crear una base de datos y ampliar las posibilidades de alcanzar nuevos clientes<\/p><\/div><div class=\"q_icon_list\"><i class=\"qode_icon_font_awesome fa fa-volume-up qode-ili-icon-holder transparent\" style=\"font-size: 30px;color: #706364;\" ><\/i><p style=\"margin-bottom: 20px;\">Agiliza los procesos de comunicaci\u00f3n entre las empresas y sus clientes<\/p><\/div><div class=\"q_icon_list\"><i class=\"qode_icon_font_awesome fa fa-user-plus qode-ili-icon-holder transparent\" style=\"font-size: 30px;color: #706364;\" ><\/i><p style=\"margin-bottom: 20px;\">Personalizaci\u00f3n del Bot: El nuestro se llama Gigi, pero las empresas pueden darle otro nombre y otro rostro que representen mejor los valores de la marca<\/p><\/div>[\/vc_column_inner][\/vc_row_inner][vc_single_image image=\u00bb2950&#8243; img_size=\u00bbfull\u00bb alignment=\u00bbright\u00bb qode_css_animation=\u00bb\u00bb el_class=\u00bbgigi-right-corner\u00bb][\/vc_column][\/vc_row][vc_row css_animation=\u00bb\u00bb row_type=\u00bbrow\u00bb use_row_as_full_screen_section=\u00bbno\u00bb type=\u00bbgrid\u00bb angled_section=\u00bbno\u00bb text_align=\u00bbleft\u00bb background_image_as_pattern=\u00bbwithout_pattern\u00bb css=\u00bb.vc_custom_1607074073683{padding-top: 100px !important;padding-bottom: 100px !important;background-color: #ffdcd8 !important;}\u00bb z_index=\u00bb\u00bb][vc_column][vc_row_inner row_type=\u00bbrow\u00bb type=\u00bbfull_width\u00bb text_align=\u00bbleft\u00bb css_animation=\u00bb\u00bb][vc_column_inner width=\u00bb2\/3&#8243; css=\u00bb.vc_custom_1607074841879{margin-right: 35px !important;}\u00bb][vc_column_text]<\/p>\n<h2>Caso de uso: Ulises<\/h2>\n<p>[\/vc_column_text][vc_empty_space][vc_column_text]Durante la crisis econ\u00f3mica en Espa\u00f1a iniciada en el a\u00f1o 2008, miles de j\u00f3venes se vieron obligados a emigrar en busca de mejores oportunidades de empleo. En la actualidad, el Gobierno de Espa\u00f1a, con el objetivo de fomentar el retorno de estos emigrantes, ha desarrollado el Plan de Retorno con el prop\u00f3sito de brindarles mejores condiciones y facilitarles el proceso de vuelta.<\/p>\n<p>Evenbytes se sum\u00f3 a esta iniciativa, poniendo toda la maquinaria tecnol\u00f3gica y el know-how para brindar una <strong>soluci\u00f3n a las barreras personales, profesionales y administrativas a las que se enfrentan estas personas en su proceso de retorno.<\/strong><\/p>\n<p><a href=\"https:\/\/evenbytes.com\/es\/casos-de-uso\/ulises-un-chatbot-que-ayuda-a-los-ciudadanos-en-la-administracion-publica\/\">M\u00e1s informaci\u00f3n<\/a>[\/vc_column_text][vc_empty_space][vc_single_image image=\u00bb2016&#8243; img_size=\u00bbfull\u00bb qode_css_animation=\u00bb\u00bb][\/vc_column_inner][vc_column_inner width=\u00bb1\/3&#8243; css=\u00bb.vc_custom_1607074849404{margin-left: 35px !important;}\u00bb][vc_single_image image=\u00bb2070&#8243; img_size=\u00bbfull\u00bb alignment=\u00bbright\u00bb qode_css_animation=\u00bb\u00bb][\/vc_column_inner][\/vc_row_inner][\/vc_column][\/vc_row][vc_row css_animation=\u00bb\u00bb row_type=\u00bbrow\u00bb use_row_as_full_screen_section=\u00bbno\u00bb type=\u00bbgrid\u00bb angled_section=\u00bbno\u00bb text_align=\u00bbleft\u00bb background_image_as_pattern=\u00bbwithout_pattern\u00bb css=\u00bb.vc_custom_1607075092429{padding-top: 100px !important;padding-bottom: 100px !important;background-color: #ffffff !important;}\u00bb z_index=\u00bb\u00bb][vc_column width=\u00bb1\/2&#8243;][vc_column_text]<\/p>\n<h2>\u00bfQu\u00e9 tipos de negocios pueden tener el chatbot?<\/h2>\n<p>[\/vc_column_text][vc_empty_space][vc_column_text]Todas las empresas o comercios que necesitan estar en constante comunicaci\u00f3n con sus clientes, pueden hacerlo de una forma m\u00e1s f\u00e1cil con este asistente virtual. El chatbot adapta la conversaci\u00f3n seg\u00fan el tipo de empresa, algunas de estas pueden ser:<\/p>\n<ul>\n<li>Sector inmobiliario<\/li>\n<li>Seguros<\/li>\n<li>Centros de salud y belleza<\/li>\n<li>Cl\u00ednicas, consultorios<\/li>\n<li>Chatbot para empresas de servicios<\/li>\n<\/ul>\n<p>[\/vc_column_text][vc_empty_space][vc_column_text]<\/p>\n<p style=\"font-size: 20px !important;\">Si quieres mejorar la atenci\u00f3n al cliente y necesitas la ayuda de un chatbot como Gigi, escr\u00edbenos a info@evebytes.com, evaluaremos tus necesidades para darle una soluci\u00f3n.<\/p>\n<p>[\/vc_column_text][\/vc_column][vc_column width=\u00bb1\/2&#8243;]\n<div class=\"wpcf7 no-js\" id=\"wpcf7-f2977-o1\" lang=\"en-US\" dir=\"ltr\" data-wpcf7-id=\"2977\">\n<div class=\"screen-reader-response\"><p role=\"status\" aria-live=\"polite\" aria-atomic=\"true\"><\/p> <ul><\/ul><\/div>\n<form action=\"\/es\/wp-json\/wp\/v2\/pages\/2987#wpcf7-f2977-o1\" method=\"post\" class=\"wpcf7-form init cf7_custom_style_2\" aria-label=\"Contact form\" novalidate=\"novalidate\" data-status=\"init\">\n<fieldset class=\"hidden-fields-container\"><input type=\"hidden\" name=\"_wpcf7\" value=\"2977\" \/><input type=\"hidden\" name=\"_wpcf7_version\" value=\"6.1.1\" \/><input type=\"hidden\" name=\"_wpcf7_locale\" value=\"en_US\" \/><input type=\"hidden\" name=\"_wpcf7_unit_tag\" value=\"wpcf7-f2977-o1\" \/><input type=\"hidden\" name=\"_wpcf7_container_post\" value=\"0\" \/><input type=\"hidden\" name=\"_wpcf7_posted_data_hash\" value=\"\" \/><input type=\"hidden\" name=\"_wpcf7_recaptcha_response\" value=\"\" \/>\n<\/fieldset>\n<p><label> Your Name (required)<br \/>\n<span class=\"wpcf7-form-control-wrap\" data-name=\"your-name\"><input size=\"40\" maxlength=\"400\" class=\"wpcf7-form-control wpcf7-text wpcf7-validates-as-required\" aria-required=\"true\" aria-invalid=\"false\" value=\"\" type=\"text\" name=\"your-name\" \/><\/span> <\/label>\n<\/p>\n<p><label> Your Email (required)<br \/>\n<span class=\"wpcf7-form-control-wrap\" data-name=\"your-email\"><input size=\"40\" maxlength=\"400\" class=\"wpcf7-form-control wpcf7-email wpcf7-validates-as-required wpcf7-text wpcf7-validates-as-email\" aria-required=\"true\" aria-invalid=\"false\" value=\"\" type=\"email\" name=\"your-email\" \/><\/span> <\/label>\n<\/p>\n<p><label> Subject (required)<br \/>\n<span class=\"wpcf7-form-control-wrap\" data-name=\"your-subject\"><input size=\"40\" maxlength=\"400\" class=\"wpcf7-form-control wpcf7-text wpcf7-validates-as-required\" aria-required=\"true\" aria-invalid=\"false\" value=\"\" type=\"text\" name=\"your-subject\" \/><\/span> <\/label>\n<\/p>\n<p><label> Your Message (required)<br \/>\n<span class=\"wpcf7-form-control-wrap\" data-name=\"your-message\"><textarea cols=\"40\" rows=\"10\" maxlength=\"2000\" class=\"wpcf7-form-control wpcf7-textarea wpcf7-validates-as-required\" aria-required=\"true\" aria-invalid=\"false\" name=\"your-message\"><\/textarea><\/span> <\/label>\n<\/p>\n<p><span class=\"wpcf7-form-control-wrap\" data-name=\"acceptance-428\"><span class=\"wpcf7-form-control wpcf7-acceptance\"><span class=\"wpcf7-list-item\"><label><input type=\"checkbox\" name=\"acceptance-428\" value=\"1\" aria-invalid=\"false\" \/><span class=\"wpcf7-list-item-label\">I have read and I accept the <a href=\"https:\/\/evenbytes.com\/privacy-policy\/\" target=\"_blank\">Privacy Policy<\/a>.<\/span><\/label><\/span><\/span><\/span>\n<\/p>\n\n<p><input class=\"wpcf7-form-control wpcf7-submit has-spinner\" type=\"submit\" value=\"Send\" \/>\n<\/p><input type='hidden' class='wpcf7-pum' value='{\"closepopup\":false,\"closedelay\":0,\"openpopup\":false,\"openpopup_id\":0}' \/><div class=\"wpcf7-response-output\" aria-hidden=\"true\"><\/div>\n<\/form>\n<\/div>\n[\/vc_column][\/vc_row]<\/p>\n<\/div>","protected":false},"excerpt":{"rendered":"<p>[vc_row css_animation=\u00bb\u00bb row_type=\u00bbrow\u00bb use_row_as_full_screen_section=\u00bbno\u00bb type=\u00bbgrid\u00bb angled_section=\u00bbno\u00bb text_align=\u00bbleft\u00bb background_image_as_pattern=\u00bbwithout_pattern\u00bb z_index=\u00bb\u00bb css=\u00bb.vc_custom_1607073749800{padding-top: 60px !important;padding-bottom: 100px !important;}\u00bb el_class=\u00bbgigi-back_brown\u00bb][vc_column][vc_row_inner row_type=\u00bbrow\u00bb type=\u00bbfull_width\u00bb text_align=\u00bbleft\u00bb css_animation=\u00bb\u00bb][vc_column_inner width=\u00bb1\/3&#8243;][vc_single_image image=\u00bb2945&#8243; img_size=\u00bbfull\u00bb alignment=\u00bbcenter\u00bb qode_css_animation=\u00bb\u00bb][\/vc_column_inner][vc_column_inner width=\u00bb2\/3&#8243;][vc_empty_space][vc_column_text] Hola, soy Gigi, estoy aqu\u00ed para ayudarte a resolver las peticiones de tus clientes. Despreoc\u00fapate, de ellos me encargo yo&#8230;.<\/p>\n","protected":false},"author":5,"featured_media":0,"parent":2991,"menu_order":0,"comment_status":"closed","ping_status":"closed","template":"full_width.php","meta":{"footnotes":""},"class_list":["post-2987","page","type-page","status-publish","hentry"],"_links":{"self":[{"href":"https:\/\/evenbytes.com\/es\/wp-json\/wp\/v2\/pages\/2987","targetHints":{"allow":["GET"]}}],"collection":[{"href":"https:\/\/evenbytes.com\/es\/wp-json\/wp\/v2\/pages"}],"about":[{"href":"https:\/\/evenbytes.com\/es\/wp-json\/wp\/v2\/types\/page"}],"author":[{"embeddable":true,"href":"https:\/\/evenbytes.com\/es\/wp-json\/wp\/v2\/users\/5"}],"replies":[{"embeddable":true,"href":"https:\/\/evenbytes.com\/es\/wp-json\/wp\/v2\/comments?post=2987"}],"version-history":[{"count":4,"href":"https:\/\/evenbytes.com\/es\/wp-json\/wp\/v2\/pages\/2987\/revisions"}],"predecessor-version":[{"id":2992,"href":"https:\/\/evenbytes.com\/es\/wp-json\/wp\/v2\/pages\/2987\/revisions\/2992"}],"up":[{"embeddable":true,"href":"https:\/\/evenbytes.com\/es\/wp-json\/wp\/v2\/pages\/2991"}],"wp:attachment":[{"href":"https:\/\/evenbytes.com\/es\/wp-json\/wp\/v2\/media?parent=2987"}],"curies":[{"name":"wp","href":"https:\/\/api.w.org\/{rel}","templated":true}]}}