{"id":3398,"date":"2021-09-15T08:44:35","date_gmt":"2021-09-15T07:44:35","guid":{"rendered":"https:\/\/evenbytes.com\/?page_id=3398"},"modified":"2024-03-20T13:20:25","modified_gmt":"2024-03-20T12:20:25","slug":"digitaliza-tu-espacio-de-trabajo-con-google-workspace","status":"publish","type":"page","link":"https:\/\/evenbytes.com\/es\/servicios\/digitaliza-tu-espacio-de-trabajo-con-google-workspace\/","title":{"rendered":""},"content":{"rendered":"<div class=\"wpb-content-wrapper\"><p>[vc_row css_animation=\u00bb\u00bb row_type=\u00bbrow\u00bb use_row_as_full_screen_section=\u00bbyes\u00bb type=\u00bbgrid\u00bb angled_section=\u00bbno\u00bb text_align=\u00bbleft\u00bb background_image_as_pattern=\u00bbwithout_pattern\u00bb z_index=\u00bb\u00bb][vc_column][vc_empty_space height=\u00bb64px\u00bb][vc_empty_space height=\u00bb64px\u00bb][vc_column_text]<span style=\"font-weight: 400; font-size: 18px;\">Gracias a Google Workspace puedes integrar una serie de herramientas que har\u00e1n de tu espacio de trabajo un lugar completamente digitalizado, creando un entorno seguro, colaborativo y cada vez m\u00e1s productivo.<\/span><\/p>\n<p><span style=\"font-weight: 400; font-size: 18px;\">Como partner de Google, somos expertos en ayudar a nuestros clientes a mejorar la gesti\u00f3n y organizaci\u00f3n, asesoramos\u00a0 e implementamos las mejores soluciones de conectividad para hacer los procesos de trabajo m\u00e1s f\u00e1ciles y ordenados.<\/span>[\/vc_column_text][vc_empty_space][\/vc_column][vc_column][vc_empty_space height=\u00bb50px\u00bb][vc_row_inner row_type=\u00bbrow\u00bb type=\u00bbfull_width\u00bb text_align=\u00bbleft\u00bb css_animation=\u00bb\u00bb][vc_column_inner width=\u00bb1\/4&#8243;][vc_single_image image=\u00bb3458&#8243; img_size=\u00bb\u00bb alignment=\u00bbcenter\u00bb qode_css_animation=\u00bb\u00bb][vc_empty_space height=\u00bb6px\u00bb][vc_column_text]<span style=\"font-size: 18px;\">Transmite una imagen profesional de tu organizaci\u00f3n con los correos de <strong>Gmail<\/strong> adaptados a tu dominio.\u00a0<\/span><br \/>\n<span style=\"font-size: 18px;\">Chatea, haz videollamadas, comparte archivos de manera segura sin salir de la aplicaci\u00f3n. <\/span>[\/vc_column_text][vc_empty_space][\/vc_column_inner][vc_column_inner width=\u00bb1\/4&#8243;][vc_single_image image=\u00bb3461&#8243; img_size=\u00bb\u00bb alignment=\u00bbcenter\u00bb qode_css_animation=\u00bb\u00bb][vc_column_text]<span style=\"font-size: 18px;\">Mant\u00e9n tus datos alojados en <strong>Google Drive<\/strong> de manera segura. Agrega usuarios a documentos compartidos, controla los permisos para hacer cambios, descargas, visualizaciones. Comparte carpetas con clientes fuera de tu organizaci\u00f3n de manera segura y confiable.<\/span>[\/vc_column_text][vc_empty_space][\/vc_column_inner][vc_column_inner width=\u00bb1\/4&#8243;][vc_single_image image=\u00bb3463&#8243; img_size=\u00bb\u00bb alignment=\u00bbcenter\u00bb qode_css_animation=\u00bb\u00bb][vc_column_text]<span style=\"font-size: 18px;\">Facilita la conexi\u00f3n y la comunicaci\u00f3n de los equipos mediante videoconferencias seguras. Con ayuda de <strong>Google Meet<\/strong> organiza reuniones con clientes de diferentes partes del mundo y cierra acuerdos comerciales m\u00e1s f\u00e1cilmente.<\/span>[\/vc_column_text][vc_empty_space][\/vc_column_inner][vc_column_inner width=\u00bb1\/4&#8243;][vc_empty_space height=\u00bb16px\u00bb][vc_single_image image=\u00bb3468&#8243; img_size=\u00bb\u00bb alignment=\u00bbcenter\u00bb qode_css_animation=\u00bb\u00bb][vc_empty_space height=\u00bb14px\u00bb][vc_column_text]<span style=\"font-size: 18px;\">Ahora no podr\u00e1s perderte ninguno de tus eventos.<\/span><br \/>\n<span style=\"font-size: 18px;\">Gracias a <strong>Google Calendar<\/strong> puedes planificar tus reuniones online e integrarlas con tu equipo de trabajo.<\/span>[\/vc_column_text][vc_empty_space][\/vc_column_inner][\/vc_row_inner][vc_separator type=\u00bbnormal\u00bb][vc_empty_space height=\u00bb16px\u00bb][\/vc_column][\/vc_row][vc_row css_animation=\u00bb\u00bb row_type=\u00bbrow\u00bb use_row_as_full_screen_section=\u00bbno\u00bb type=\u00bbgrid\u00bb angled_section=\u00bbno\u00bb text_align=\u00bbleft\u00bb background_image_as_pattern=\u00bbwithout_pattern\u00bb z_index=\u00bb\u00bb][vc_column width=\u00bb1\/2&#8243; css=\u00bb.vc_custom_1631610027001{padding-right: 20px !important;}\u00bb][vc_column_text]<\/p>\n<h1><span style=\"font-weight: 400;\">\u00bfPor qu\u00e9 elegir Evenbytes como partner de Google Workspace?<\/span><\/h1>\n<p>[\/vc_column_text][vc_empty_space height=\u00bb20px\u00bb][vc_column_text]<span style=\"font-weight: 400; font-size: 18px;\">Adem\u00e1s de escuchar tus necesidades y buscar las mejores soluciones, tenemos un equipo de especialistas que te guiar\u00e1n y capacitar\u00e1n para sacar el mejor partido a las herramientas y hacer f\u00e1cil la transici\u00f3n a las nuevas tecnolog\u00edas.\u00a0 <\/span><\/p>\n<p><span style=\"font-weight: 400; font-size: 18px;\"><strong>\u00a1Te acompa\u00f1amos durante todo el proceso!\u00a0<\/strong><\/span>[\/vc_column_text][vc_separator type=\u00bbnormal\u00bb up=\u00bb15&#8243; down=\u00bb15&#8243;]\n<div class=\"wpcf7 no-js\" id=\"wpcf7-f3426-o1\" lang=\"en-US\" dir=\"ltr\" data-wpcf7-id=\"3426\">\n<div class=\"screen-reader-response\"><p role=\"status\" aria-live=\"polite\" aria-atomic=\"true\"><\/p> <ul><\/ul><\/div>\n<form action=\"\/es\/wp-json\/wp\/v2\/pages\/3398#wpcf7-f3426-o1\" method=\"post\" class=\"wpcf7-form init cf7_custom_style_1\" aria-label=\"Contact form\" novalidate=\"novalidate\" data-status=\"init\">\n<fieldset class=\"hidden-fields-container\"><input type=\"hidden\" name=\"_wpcf7\" value=\"3426\" \/><input type=\"hidden\" name=\"_wpcf7_version\" value=\"6.1.1\" \/><input type=\"hidden\" name=\"_wpcf7_locale\" value=\"en_US\" \/><input type=\"hidden\" name=\"_wpcf7_unit_tag\" value=\"wpcf7-f3426-o1\" \/><input type=\"hidden\" name=\"_wpcf7_container_post\" value=\"0\" \/><input type=\"hidden\" name=\"_wpcf7_posted_data_hash\" value=\"\" \/><input type=\"hidden\" name=\"_wpcf7_recaptcha_response\" value=\"\" \/>\n<\/fieldset>\n<p><label>Nombre * <span class=\"wpcf7-form-control-wrap\" data-name=\"your-name\"><input size=\"40\" maxlength=\"400\" class=\"wpcf7-form-control wpcf7-text wpcf7-validates-as-required\" aria-required=\"true\" aria-invalid=\"false\" value=\"\" type=\"text\" name=\"your-name\" \/><\/span> <\/label><br \/>\n<label>Email * <span class=\"wpcf7-form-control-wrap\" data-name=\"your-email\"><input size=\"40\" maxlength=\"400\" class=\"wpcf7-form-control wpcf7-email wpcf7-validates-as-required wpcf7-text wpcf7-validates-as-email\" aria-required=\"true\" aria-invalid=\"false\" value=\"\" type=\"email\" name=\"your-email\" \/><\/span> <\/label><br \/>\n<label>Dominio <span class=\"wpcf7-form-control-wrap\" data-name=\"Dominiocorporativo\"><input size=\"40\" maxlength=\"400\" class=\"wpcf7-form-control wpcf7-url wpcf7-text wpcf7-validates-as-url\" aria-invalid=\"false\" value=\"\" type=\"url\" name=\"Dominiocorporativo\" \/><\/span> <\/label><br \/>\n<label>Nombre empresa <span class=\"wpcf7-form-control-wrap\" data-name=\"Empresa\"><input size=\"40\" maxlength=\"400\" class=\"wpcf7-form-control wpcf7-text\" aria-invalid=\"false\" value=\"\" type=\"text\" name=\"Empresa\" \/><\/span> <\/label><br \/>\n<label>\u00bfCu\u00e1ntos usuarios sois en tu empresa? *<\/label><span class=\"wpcf7-form-control-wrap\" data-name=\"Licencias\"><select class=\"wpcf7-form-control wpcf7-select wpcf7-validates-as-required\" aria-required=\"true\" aria-invalid=\"false\" name=\"Licencias\"><option value=\"\">&#8212;Please choose an option&#8212;<\/option><option value=\"Menos de 5\">Menos de 5<\/option><option value=\"de 5 a 10\">de 5 a 10<\/option><option value=\"de 10 a 50\">de 10 a 50<\/option><option value=\"de 50 a 200\">de 50 a 200<\/option><option value=\"de 200 a 1000\">de 200 a 1000<\/option><option value=\"m\u00e1s de 1000\">m\u00e1s de 1000<\/option><\/select><\/span><br \/>\n<label>\u00bfYa us\u00e1is Workspace en tu organizaci\u00f3n? *<\/label><span class=\"wpcf7-form-control-wrap\" data-name=\"Workspace\"><select class=\"wpcf7-form-control wpcf7-select wpcf7-validates-as-required\" aria-required=\"true\" aria-invalid=\"false\" name=\"Workspace\"><option value=\"\">&#8212;Please choose an option&#8212;<\/option><option value=\"S\u00ed\">S\u00ed<\/option><option value=\"No\">No<\/option><option value=\"Usamos otra herramienta colaborativa\">Usamos otra herramienta colaborativa<\/option><\/select><\/span><br \/>\n<label>Mensaje <span class=\"wpcf7-form-control-wrap\" data-name=\"your-message\"><textarea cols=\"40\" rows=\"10\" maxlength=\"2000\" class=\"wpcf7-form-control wpcf7-textarea\" aria-invalid=\"false\" name=\"your-message\"><\/textarea><\/span> <\/label><br \/>\n<span class=\"wpcf7-form-control-wrap\" data-name=\"acceptance-428\"><span class=\"wpcf7-form-control wpcf7-acceptance\"><span class=\"wpcf7-list-item\"><label><input type=\"checkbox\" name=\"acceptance-428\" value=\"1\" aria-invalid=\"false\" \/><span class=\"wpcf7-list-item-label\">He le\u00eddo y acepto la <a href=\"https:\/\/evenbytes.com\/privacy-policy\/\" target=\"_blank\">pol\u00edtica de privacidad<\/a>.<\/span><\/label><\/span><\/span><\/span><br \/>\n<br \/>\n<input class=\"wpcf7-form-control wpcf7-submit has-spinner\" type=\"submit\" value=\"Enviar\" \/>\n<\/p><input type='hidden' class='wpcf7-pum' value='{\"closepopup\":false,\"closedelay\":0,\"openpopup\":false,\"openpopup_id\":0}' \/><div class=\"wpcf7-response-output\" aria-hidden=\"true\"><\/div>\n<\/form>\n<\/div>\n[vc_empty_space height=\u00bb20px\u00bb][vc_single_image image=\u00bb3456&#8243; img_size=\u00bb250&#215;76&#8243; qode_css_animation=\u00bb\u00bb][\/vc_column][vc_column width=\u00bb1\/2&#8243; css=\u00bb.vc_custom_1631610005366{margin-left: 20px !important;}\u00bb][vc_empty_space height=\u00bb20px\u00bb]<div class=\"q_icon_list\"><i class=\"qode_icon_font_awesome fa fa-arrow-circle-o-right qode-ili-icon-holder circle\" style=\"font-size: 28px;color: #f07830;background-color: #ffffff;border-color:#ffffff;border-style:solid;border-width:1px;\" ><\/i><p style=\"color:#f07830;font-size: 22px;\">Configuraci\u00f3n inicial<\/p><\/div>[vc_column_text]<\/p>\n<ul>\n<li style=\"font-weight: 400; font-size: 18px;\" aria-level=\"2\">Creamos los correos electr\u00f3nicos que necesites con el dominio personalizado de tu empresa.<\/li>\n<\/ul>\n<p>[\/vc_column_text][vc_empty_space height=\u00bb20px\u00bb]<div class=\"q_icon_list\"><i class=\"qode_icon_font_awesome fa fa-arrow-circle-o-right qode-ili-icon-holder circle\" style=\"font-size: 28px;color: #f07830;background-color: #ffffff;border-color:#ffffff;border-style:solid;border-width:1px;\" ><\/i><p style=\"color:#f07830;font-size: 22px;\">Protecci\u00f3n de la informaci\u00f3n<\/p><\/div>[vc_column_text]<\/p>\n<ul>\n<li style=\"font-weight: 400; font-size: 18px;\" aria-level=\"2\">Establecemos las mejores medidas para prevenir la<strong> fuga de informaci\u00f3n<\/strong> dentro de tu empresa. Protege la confidencialidad de todos tus documentos, recibe alertas sobre movimientos sospechosos en tus archivos.<\/li>\n<\/ul>\n<p>[\/vc_column_text][vc_empty_space height=\u00bb30px\u00bb]<div class=\"q_icon_list\"><i class=\"qode_icon_font_awesome fa fa-arrow-circle-o-right qode-ili-icon-holder circle\" style=\"font-size: 28px;color: #f07830;background-color: #ffffff;border-color:#ffffff;border-style:solid;border-width:1px;\" ><\/i><p style=\"color:#f07830;font-size: 22px;\">Formaci\u00f3n y capacitaci\u00f3n<\/p><\/div>[vc_column_text]<\/p>\n<ul>\n<li style=\"font-weight: 400; font-size: 18px;\" aria-level=\"2\">Implementamos las nuevas herramientas y capacitamos a los equipos para que aprendan a utilizarlas de manera r\u00e1pida y efectiva.<\/li>\n<\/ul>\n<p>[\/vc_column_text][vc_empty_space height=\u00bb30px\u00bb]<div class=\"q_icon_list\"><i class=\"qode_icon_font_awesome fa fa-arrow-circle-o-right qode-ili-icon-holder circle\" style=\"font-size: 28px;color: #f07830;background-color: #ffffff;border-color:#ffffff;border-style:solid;border-width:1px;\" ><\/i><p style=\"color:#f07830;font-size: 22px;\">Migraci\u00f3n de datos<\/p><\/div>[vc_column_text]<\/p>\n<ul>\n<li style=\"font-weight: 400; font-size: 18px;\" aria-level=\"2\"><span style=\"font-weight: 400;\">No te preocupes por los correos y datos que tienes en tus cuentas actuales \u00a1No los perder\u00e1s! Con nuestro servicio de migraci\u00f3n, todos tus correos y datos importantes los trasladaremos a tu nueva cuenta profesional de Google.<\/span><\/li>\n<\/ul>\n<p>[\/vc_column_text][vc_empty_space height=\u00bb30px\u00bb]<div class=\"q_icon_list\"><i class=\"qode_icon_font_awesome fa fa-arrow-circle-o-right qode-ili-icon-holder circle\" style=\"font-size: 28px;color: #f07830;background-color: #ffffff;border-color:#ffffff;border-style:solid;border-width:1px;\" ><\/i><p style=\"color:#f07830;font-size: 22px;\">Servicio de soporte<\/p><\/div>[vc_column_text]<\/p>\n<ul>\n<li style=\"font-weight: 400; font-size: 18px;\" aria-level=\"2\">Queremos estar siempre muy pendiente de ti, ayudarte a resolver cualquier problema que te surja en tu espacio de trabajo.<\/li>\n<\/ul>\n<p>[\/vc_column_text][vc_empty_space height=\u00bb30px\u00bb]<div class=\"q_icon_list\"><i class=\"qode_icon_font_awesome fa fa-arrow-circle-o-right qode-ili-icon-holder circle\" style=\"font-size: 28px;color: #f07830;background-color: #ffffff;border-color:#ffffff;border-style:solid;border-width:1px;\" ><\/i><p style=\"color:#f07830;font-size: 22px;\">Pr\u00e1cticas de seguridad<\/p><\/div>[vc_column_text]<\/p>\n<ul>\n<li style=\"font-weight: 400; font-size: 18px;\" aria-level=\"2\">Aplicamos las mejores pr\u00e1cticas de seguridad en la nube para crear un entorno seguro y confiable dentro y fuera de tu empresa.<\/li>\n<\/ul>\n<p>[\/vc_column_text][vc_empty_space height=\u00bb30px\u00bb][\/vc_column][\/vc_row][vc_row css_animation=\u00bb\u00bb row_type=\u00bbrow\u00bb use_row_as_full_screen_section=\u00bbno\u00bb type=\u00bbgrid\u00bb angled_section=\u00bbno\u00bb text_align=\u00bbleft\u00bb background_image_as_pattern=\u00bbwithout_pattern\u00bb z_index=\u00bb\u00bb][vc_column][vc_empty_space height=\u00bb100px\u00bb][vc_video link=\u00bbhttps:\/\/www.youtube.com\/watch?v=uZXa0N0-Zu0&#8243; align=\u00bbcenter\u00bb][vc_empty_space height=\u00bb100px\u00bb][\/vc_column][\/vc_row]<\/p>\n<\/div>","protected":false},"excerpt":{"rendered":"<p>[vc_row css_animation=\u00bb\u00bb row_type=\u00bbrow\u00bb use_row_as_full_screen_section=\u00bbyes\u00bb type=\u00bbgrid\u00bb angled_section=\u00bbno\u00bb text_align=\u00bbleft\u00bb background_image_as_pattern=\u00bbwithout_pattern\u00bb z_index=\u00bb\u00bb][vc_column][vc_empty_space height=\u00bb64px\u00bb][vc_empty_space height=\u00bb64px\u00bb][vc_column_text]Gracias a Google Workspace puedes integrar una serie de herramientas que har\u00e1n de tu espacio de trabajo un lugar completamente digitalizado, creando un entorno seguro, colaborativo y cada vez m\u00e1s productivo. Como partner de Google,&#8230;<\/p>\n","protected":false},"author":5,"featured_media":0,"parent":757,"menu_order":0,"comment_status":"closed","ping_status":"closed","template":"full_width.php","meta":{"footnotes":""},"class_list":["post-3398","page","type-page","status-publish","hentry"],"_links":{"self":[{"href":"https:\/\/evenbytes.com\/es\/wp-json\/wp\/v2\/pages\/3398","targetHints":{"allow":["GET"]}}],"collection":[{"href":"https:\/\/evenbytes.com\/es\/wp-json\/wp\/v2\/pages"}],"about":[{"href":"https:\/\/evenbytes.com\/es\/wp-json\/wp\/v2\/types\/page"}],"author":[{"embeddable":true,"href":"https:\/\/evenbytes.com\/es\/wp-json\/wp\/v2\/users\/5"}],"replies":[{"embeddable":true,"href":"https:\/\/evenbytes.com\/es\/wp-json\/wp\/v2\/comments?post=3398"}],"version-history":[{"count":54,"href":"https:\/\/evenbytes.com\/es\/wp-json\/wp\/v2\/pages\/3398\/revisions"}],"predecessor-version":[{"id":4284,"href":"https:\/\/evenbytes.com\/es\/wp-json\/wp\/v2\/pages\/3398\/revisions\/4284"}],"up":[{"embeddable":true,"href":"https:\/\/evenbytes.com\/es\/wp-json\/wp\/v2\/pages\/757"}],"wp:attachment":[{"href":"https:\/\/evenbytes.com\/es\/wp-json\/wp\/v2\/media?parent=3398"}],"curies":[{"name":"wp","href":"https:\/\/api.w.org\/{rel}","templated":true}]}}