{"id":3573,"date":"2022-01-11T17:45:05","date_gmt":"2022-01-11T16:45:05","guid":{"rendered":"https:\/\/evenbytes.com\/?page_id=3573"},"modified":"2024-06-03T15:33:44","modified_gmt":"2024-06-03T14:33:44","slug":"transformacion-digital-ayudas-kit-digital","status":"publish","type":"page","link":"https:\/\/evenbytes.com\/es\/transformacion-digital-ayudas-kit-digital\/","title":{"rendered":"Transformaci\u00f3n Digital mediante las ayudas del programa  KIT DIGITAL y KIT CONSULTING"},"content":{"rendered":"<div class=\"wpb-content-wrapper\"><p>[vc_row css_animation=\u00bb\u00bb row_type=\u00bbrow\u00bb use_row_as_full_screen_section=\u00bbno\u00bb type=\u00bbgrid\u00bb angled_section=\u00bbno\u00bb text_align=\u00bbleft\u00bb background_image_as_pattern=\u00bbwithout_pattern\u00bb z_index=\u00bb\u00bb css=\u00bb.vc_custom_1643727308774{background-color: #ffffff !important;}\u00bb][vc_column][vc_empty_space][vc_single_image image=\u00bb4320&#8243; img_size=\u00bbfull\u00bb qode_css_animation=\u00bb\u00bb][vc_empty_space][\/vc_column][\/vc_row][vc_row css_animation=\u00bb\u00bb row_type=\u00bbrow\u00bb use_row_as_full_screen_section=\u00bbno\u00bb type=\u00bbgrid\u00bb angled_section=\u00bbno\u00bb text_align=\u00bbleft\u00bb background_image_as_pattern=\u00bbwithout_pattern\u00bb z_index=\u00bb\u00bb css=\u00bb.vc_custom_1643727914149{padding-top: 40px !important;padding-bottom: 40px !important;}\u00bb][vc_column width=\u00bb1\/2&#8243;][vc_column_text]<\/p>\n<h1>Asesoramiento en Inteligencia Artificial<\/h1>\n<p>[\/vc_column_text][vc_empty_space][vc_column_text]El asesoramiento en inteligencia artificial de Kit Consulting abarca desde la identificaci\u00f3n de oportunidades hasta la implementaci\u00f3n de algoritmos y sistemas automatizados.<\/p>\n<p>Estos sistemas est\u00e1n dise\u00f1ados para mejorar la eficiencia operativa y optimizar la toma de decisiones en la empresa.<\/p>\n<p>Con soluciones personalizadas, se busca alinear la inteligencia artificial con los objetivos empresariales espec\u00edficos, ofreciendo as\u00ed un retorno de inversi\u00f3n tangible y sostenible.[\/vc_column_text][\/vc_column][vc_column width=\u00bb1\/2&#8243;][vc_column_text]<\/p>\n<h1>Asesoramiento en An\u00e1lisis de Datos e Inteligencia Artificial (B\u00e1sico y Avanzado)<\/h1>\n<p>[\/vc_column_text][vc_empty_space][vc_column_text]Este Programa ofrece un completo soporte en an\u00e1lisis de datos, ayudando a las pymes a transformar datos brutos en informaci\u00f3n valiosa.<\/p>\n<p>Mediante t\u00e9cnicas avanzadas de an\u00e1lisis, las empresas pueden extraer insights cruciales que informen sus estrategias empresariales y optimicen sus procesos.<\/p>\n<p>El uso de herramientas sofisticadas permite maximizar el impacto comercial, facilitando la toma de decisiones basada en datos precisos y relevantes.[\/vc_column_text][\/vc_column][\/vc_row][vc_row css_animation=\u00bb\u00bb row_type=\u00bbrow\u00bb use_row_as_full_screen_section=\u00bbno\u00bb type=\u00bbgrid\u00bb angled_section=\u00bbno\u00bb text_align=\u00bbleft\u00bb background_image_as_pattern=\u00bbwithout_pattern\u00bb z_index=\u00bb\u00bb css=\u00bb.vc_custom_1643727914149{padding-top: 40px !important;padding-bottom: 40px !important;}\u00bb][vc_column width=\u00bb1\/2&#8243;][vc_column_text]<\/p>\n<h1>Asesoramiento en Procesos de Negocio o Procesos de Producci\u00f3n<\/h1>\n<p>[\/vc_column_text][vc_empty_space][vc_column_text]Kit Consulting ofrece consultor\u00eda en la optimizaci\u00f3n de procesos de negocio y de producci\u00f3n.<\/p>\n<p>Se analizan los flujos de trabajo actuales para identificar ineficiencias y se proponen mejoras que incrementen la eficiencia y reduzcan costos. La implementaci\u00f3n de pr\u00e1cticas m\u00e1s efectivas y tecnolog\u00edas avanzadas permite optimizar las operaciones diarias, aumentando as\u00ed la productividad y la calidad de los productos o servicios.<\/p>\n<p>Esto se traduce en una mayor competitividad y capacidad de respuesta ante cambios en el mercado.[\/vc_column_text][\/vc_column][vc_column width=\u00bb1\/2&#8243;][vc_column_text]<\/p>\n<h1>Asesoramiento \u00ab360\u00bb en Transformaci\u00f3n Digital<\/h1>\n<p>[\/vc_column_text][vc_empty_space][vc_column_text]Kit Consulting proporciona un enfoque integral para la transformaci\u00f3n digital, conocido como Transformaci\u00f3n Digital \u201c360\u201d.<\/p>\n<p>Este servicio de consultor\u00eda digital implica una revisi\u00f3n y renovaci\u00f3n completa de la infraestructura digital, procesos y cultura empresarial. La integraci\u00f3n de tecnolog\u00edas avanzadas en todos los aspectos de las operaciones empresariales asegura una adaptaci\u00f3n exitosa al entorno digital moderno.<\/p>\n<p>Este enfoque no solo mejora la competitividad y eficiencia, sino que tambi\u00e9n facilita una cultura de innovaci\u00f3n continua dentro de la empresa.[\/vc_column_text][\/vc_column][\/vc_row][vc_row css_animation=\u00bb\u00bb row_type=\u00bbrow\u00bb use_row_as_full_screen_section=\u00bbno\u00bb type=\u00bbgrid\u00bb angled_section=\u00bbno\u00bb text_align=\u00bbleft\u00bb background_image_as_pattern=\u00bbwithout_pattern\u00bb z_index=\u00bb\u00bb css=\u00bb.vc_custom_1643727308774{background-color: #ffffff !important;}\u00bb][vc_column][vc_empty_space][vc_single_image image=\u00bb3631&#8243; img_size=\u00bbfull\u00bb qode_css_animation=\u00bb\u00bb][vc_empty_space][\/vc_column][\/vc_row][vc_row css_animation=\u00bb\u00bb row_type=\u00bbrow\u00bb use_row_as_full_screen_section=\u00bbno\u00bb type=\u00bbgrid\u00bb angled_section=\u00bbno\u00bb text_align=\u00bbleft\u00bb background_image_as_pattern=\u00bbwithout_pattern\u00bb z_index=\u00bb\u00bb css=\u00bb.vc_custom_1643727914149{padding-top: 40px !important;padding-bottom: 40px !important;}\u00bb][vc_column width=\u00bb1\/3&#8243;][vc_single_image image=\u00bb3625&#8243; img_size=\u00bbfull\u00bb qode_css_animation=\u00bb\u00bb][\/vc_column][vc_column width=\u00bb2\/3&#8243;][vc_column_text]<\/p>\n<h1>Origamee, automatizaci\u00f3n de procesos<\/h1>\n<p>[\/vc_column_text][vc_column_text]<\/p>\n<h2>Gesti\u00f3n de procesos<\/h2>\n<p>[\/vc_column_text][vc_empty_space][vc_column_text]<span style=\"font-weight: 400;\">Implantar soluciones digitales para automatizar la gesti\u00f3n de tareas dentro de tu empresa y hacer los procesos m\u00e1s r\u00e1pidos y eficientes, alcanzando mejores resultados comerciales. <\/span><\/p>\n<p><span style=\"font-weight: 400;\">Con una sencilla y pr\u00e1ctica plataforma en la nube con acceso mediante WEB y APP M\u00f3vil te ayudamos a gestionar todo tipo de documentos como contratos de trabajo, firmas electr\u00f3nicas, validaci\u00f3n de archivos y formularios.\u00a0<\/span><\/p>\n<p><span style=\"font-weight: 400;\">Llevar la contabilidad de tu negocio nunca ha sido tan f\u00e1cil con la herramienta de escaneo y digitalizaci\u00f3n de facturas y albaranes, que procesa los datos de manera autom\u00e1tica para evitar errores..\u00a0<\/span><\/p>\n<p><span style=\"font-weight: 400;\">Implementa flujos de trabajo en tu equipo para controlar y agilizar las tareas diarias para evitar los procesos repetitivos.<\/span><\/p>\n<p><span style=\"font-weight: 400;\">Ad\u00e1ptate a los cambios e implementa las tecnolog\u00edas que tu negocio necesita para acelerar su crecimiento, al mismo tiempo que ayudas al medio ambiente contribuyendo a la disminuci\u00f3n del uso de papel.\u00a0<\/span><\/p>\n<p><span style=\"font-weight: 400;\">Algunas funcionalidades disponibles<\/span><\/p>\n<ul>\n<li><span style=\"font-weight: 400;\">Entrada de datos mediante formularios din\u00e1micos adaptados al cliente<\/span><\/li>\n<li><span style=\"font-weight: 400;\">Escaneo QR \/ NFC<\/span><\/li>\n<li><span style=\"font-weight: 400;\">Control horario con control de ubicaci\u00f3n\u00a0<\/span><\/li>\n<li><span style=\"font-weight: 400;\">Reportes autom\u00e1ticos\u00a0<\/span><\/li>\n<li><span style=\"font-weight: 400;\">Explotaci\u00f3n y an\u00e1lisis de los datos de la plataforma<\/span><\/li>\n<\/ul>\n<p>[\/vc_column_text][vc_separator type=\u00bbnormal\u00bb][vc_column_text]<\/p>\n<ul>\n<li>Dirigido a micropymes y pymes.<\/li>\n<li>Precios desde los 500 \u20ac\/a\u00f1o dependiendo del n\u00ba de procesos a automatizar y del n\u00ba de usuarios necesarios en la plataforma.<\/li>\n<\/ul>\n<p>[\/vc_column_text][\/vc_column][\/vc_row][vc_row css_animation=\u00bb\u00bb row_type=\u00bbrow\u00bb use_row_as_full_screen_section=\u00bbno\u00bb type=\u00bbgrid\u00bb angled_section=\u00bbno\u00bb text_align=\u00bbleft\u00bb background_image_as_pattern=\u00bbwithout_pattern\u00bb z_index=\u00bb\u00bb css=\u00bb.vc_custom_1643727921842{padding-top: 40px !important;padding-bottom: 40px !important;}\u00bb][vc_column width=\u00bb1\/3&#8243;][vc_single_image image=\u00bb3647&#8243; img_size=\u00bbfull\u00bb qode_css_animation=\u00bb\u00bb][\/vc_column][vc_column width=\u00bb2\/3&#8243;][vc_column_text]<\/p>\n<h1>Desarrollo de modelos de machine learning y explotaci\u00f3n de datos<\/h1>\n<p>[\/vc_column_text][vc_column_text]<\/p>\n<h2>Business intelligence y anal\u00edtica<\/h2>\n<p>[\/vc_column_text][vc_empty_space][vc_column_text]<span style=\"font-weight: 400;\">En cualquier sector laboral diariamente se genera una enorme cantidad de informaci\u00f3n que mayoritariamente no se utiliza para el an\u00e1lisis del negocio, <strong>esta informaci\u00f3n puede ser la clave para tomar decisiones m\u00e1s acertadas<\/strong> que te permitan mantener tu rentabilidad y abrirte paso en la competencia de mercados.\u00a0<\/span><\/p>\n<p><span style=\"font-weight: 400;\">Por medio del <strong>big data y la inteligencia artificial<\/strong>, te acompa\u00f1amos en la identificaci\u00f3n y an\u00e1lisis de las necesidades y carencias de tu empresa, implantando modelos innovadores que te permitan conocer el comportamiento de tus clientes, lo que necesitan y c\u00f3mo lo buscan.\u00a0<\/span><\/p>\n<p><span style=\"font-weight: 400;\">Estamos a la vanguardia del procesamiento y an\u00e1lisis de datos que te permitan obtener modelos predictivos en investigaciones para crear un nuevo producto, tecnolog\u00eda inteligente que abre paso a la invenci\u00f3n e innovaci\u00f3n en el mercado.\u00a0<\/span><\/p>\n<p><span style=\"font-weight: 400;\">\u00bfQuieres entender c\u00f3mo va tu negocio y hacia d\u00f3nde debes enfocar tus acciones?\u00a0<\/span>[\/vc_column_text][vc_separator type=\u00bbnormal\u00bb][vc_column_text]<\/p>\n<ul>\n<li>Dirigido a micropymes y pymes.<\/li>\n<li>Los precios dependen del tama\u00f1o del proyecto, el volumen de datos a analizar y el tipo de modelo de machine learning necesario.<\/li>\n<\/ul>\n<p>[\/vc_column_text][\/vc_column][\/vc_row][vc_row css_animation=\u00bb\u00bb row_type=\u00bbrow\u00bb use_row_as_full_screen_section=\u00bbno\u00bb type=\u00bbgrid\u00bb angled_section=\u00bbno\u00bb text_align=\u00bbleft\u00bb background_image_as_pattern=\u00bbwithout_pattern\u00bb z_index=\u00bb\u00bb][vc_column][vc_empty_space][vc_column_text]<\/p>\n<h2>\u00bfQu\u00e9 es el programa KIT DIGITAL?<\/h2>\n<p>[\/vc_column_text][vc_empty_space][vc_column_text]<\/p>\n<p><span style=\"font-size: 18px;\"><strong>El Kit Digital es una iniciativa del Gobierno de Espa\u00f1a,<\/strong>\u00a0que tiene como objetivo subvencionar la implantaci\u00f3n de soluciones digitales disponibles en el mercado para conseguir un avance significativo en el nivel de madurez digital.<\/span><\/p>\n<p><span style=\"font-size: 18px;\">Dentro de la\u00a0<strong>Agenda Espa\u00f1a Digital 2025 el plan Kit Digital,\u00a0<\/strong>es una estrategia, destinada a impulsar el proceso de transformaci\u00f3n digital del pa\u00eds, se marca entre sus prioridades la digitalizaci\u00f3n de las pymes.<\/span><\/p>\n<p><span style=\"font-size: 18px;\">La inyecci\u00f3n de fondos europeos a trav\u00e9s del Mecanismo de Recuperaci\u00f3n y Resiliencia, permite poner en marcha acciones concretas para lograr ese objetivo.<\/span><\/p>\n<p>[\/vc_column_text][vc_empty_space][vc_column_text]<\/p>\n<h2>\u00bfC\u00f3mo conseguir el bono digital?<\/h2>\n<p>[\/vc_column_text][vc_empty_space][vc_column_text]<span style=\"font-size: 18px;\"><strong>Si cumples con las condiciones<\/strong>\u00a0establecidas en las bases de la convocatoria de la ayuda del Kit Digital, podr\u00e1s disponer de un\u00a0<strong>bono digital<\/strong>\u00a0que te permitir\u00e1 acceder a las soluciones de digitalizaci\u00f3n.<\/span><\/p>\n<p><span style=\"font-size: 18px;\">Los bonos digitales oscilan entre los 2000 y los 12.000 \u20ac en funci\u00f3n del tama\u00f1o de tu empresa.<\/span><\/p>\n<p><span style=\"font-size: 18px;\">Estas son las categor\u00edas incluidas en el plan en las que te podemos ayudar:<\/span>[\/vc_column_text][vc_empty_space][vc_empty_space][\/vc_column][\/vc_row][vc_row css_animation=\u00bb\u00bb row_type=\u00bbrow\u00bb use_row_as_full_screen_section=\u00bbno\u00bb type=\u00bbgrid\u00bb angled_section=\u00bbno\u00bb text_align=\u00bbleft\u00bb background_image_as_pattern=\u00bbwithout_pattern\u00bb css=\u00bb.vc_custom_1643727493725{background-color: #cc1144 !important;}\u00bb z_index=\u00bb\u00bb][vc_column width=\u00bb1\/2&#8243;][vc_empty_space height=\u00bb12px\u00bb][vc_column_text]<\/p>\n<h2><span style=\"color: #ffffff;\">\u00bfA qui\u00e9n va dirigido?<\/span><\/h2>\n<p>[\/vc_column_text][vc_empty_space][vc_column_text]<\/p>\n<p><span style=\"color: #ffffff; font-size: 18px;\">Las soluciones digitales que proporciona el Kit Digital est\u00e1n orientadas a las necesidades de las peque\u00f1as empresas, microempresas y trabajadores aut\u00f3nomos, que pertenezcan a cualquier sector o tipolog\u00eda de negocio.<\/span><\/p>\n<p>[\/vc_column_text][\/vc_column][vc_column width=\u00bb1\/2&#8243;][vc_video link=\u00bbhttps:\/\/www.youtube.com\/watch?v=fI_Y5W25hPs\u00bb align=\u00bbright\u00bb][\/vc_column][\/vc_row][vc_row css_animation=\u00bb\u00bb row_type=\u00bbrow\u00bb use_row_as_full_screen_section=\u00bbno\u00bb type=\u00bbgrid\u00bb angled_section=\u00bbno\u00bb text_align=\u00bbleft\u00bb background_image_as_pattern=\u00bbwithout_pattern\u00bb css=\u00bb.vc_custom_1643727632137{padding-top: 60px !important;padding-bottom: 60px !important;background-color: #c4c4c4 !important;}\u00bb z_index=\u00bb\u00bb][vc_column width=\u00bb1\/2&#8243;][vc_column_text]<\/p>\n<h2>Inscr\u00edbete en la web de Kit Digital y te ayudamos con la solicitud<\/h2>\n<p>[\/vc_column_text][vc_empty_space][vc_column_text]<span style=\"font-size: 18px;\">Lo primero que tienes que hacer es r<strong>eg\u00edstrate<\/strong> en el <a href=\"https:\/\/www.acelerapyme.gob.es\/user\">\u00a0\u00e1rea privada de la web oficial para las ayudas<\/a> y completar<strong>\u00a0<\/strong>el\u00a0<a href=\"https:\/\/www.acelerapyme.gob.es\/quieres-conocer-el-grado-de-digitalizacion-de-tu-pyme\">test de diagn\u00f3stico digital<\/a>.<\/span><\/p>\n<p><span style=\"font-size: 18px;\">Una vez registrado, nosotros, como <strong>agente digitalizador<\/strong> del plan de ayudas podremos ayudarte con la gesti\u00f3n del Bono Digital.<\/span>[\/vc_column_text][\/vc_column][vc_column width=\u00bb1\/2&#8243;]\n<div class=\"wpcf7 no-js\" id=\"wpcf7-f3569-o1\" lang=\"en-US\" dir=\"ltr\" data-wpcf7-id=\"3569\">\n<div class=\"screen-reader-response\"><p role=\"status\" aria-live=\"polite\" aria-atomic=\"true\"><\/p> <ul><\/ul><\/div>\n<form action=\"\/es\/wp-json\/wp\/v2\/pages\/3573#wpcf7-f3569-o1\" method=\"post\" class=\"wpcf7-form init cf7_custom_style_1\" aria-label=\"Contact form\" novalidate=\"novalidate\" data-status=\"init\">\n<fieldset class=\"hidden-fields-container\"><input type=\"hidden\" name=\"_wpcf7\" value=\"3569\" \/><input type=\"hidden\" name=\"_wpcf7_version\" value=\"6.1.1\" \/><input type=\"hidden\" name=\"_wpcf7_locale\" value=\"en_US\" \/><input type=\"hidden\" name=\"_wpcf7_unit_tag\" value=\"wpcf7-f3569-o1\" \/><input type=\"hidden\" name=\"_wpcf7_container_post\" value=\"0\" \/><input type=\"hidden\" name=\"_wpcf7_posted_data_hash\" value=\"\" \/><input type=\"hidden\" name=\"_wpcf7_recaptcha_response\" value=\"\" \/>\n<\/fieldset>\n<p><label>Nombre * <span class=\"wpcf7-form-control-wrap\" data-name=\"your-name\"><input size=\"40\" maxlength=\"400\" class=\"wpcf7-form-control wpcf7-text wpcf7-validates-as-required\" aria-required=\"true\" aria-invalid=\"false\" value=\"\" type=\"text\" name=\"your-name\" \/><\/span> <\/label><br \/>\n<label>Email * <span class=\"wpcf7-form-control-wrap\" data-name=\"your-email\"><input size=\"40\" maxlength=\"400\" class=\"wpcf7-form-control wpcf7-email wpcf7-validates-as-required wpcf7-text wpcf7-validates-as-email\" aria-required=\"true\" aria-invalid=\"false\" value=\"\" type=\"email\" name=\"your-email\" \/><\/span> <\/label><br \/>\n<label>\u00bfQu\u00e9 tipo de servicio te interesa? *<\/label><span class=\"wpcf7-form-control-wrap\" data-name=\"Categoria\"><select class=\"wpcf7-form-control wpcf7-select wpcf7-validates-as-required\" aria-required=\"true\" aria-invalid=\"false\" name=\"Categoria\"><option value=\"\">&#8212;Please choose an option&#8212;<\/option><option value=\"Gesti\u00f3n de procesos\">Gesti\u00f3n de procesos<\/option><option value=\"Inteligencia empresarial y anal\u00edtica\">Inteligencia empresarial y anal\u00edtica<\/option><option value=\"Otros\">Otros<\/option><\/select><\/span><br \/>\n<label>Mensaje <span class=\"wpcf7-form-control-wrap\" data-name=\"your-message\"><textarea cols=\"40\" rows=\"10\" maxlength=\"2000\" class=\"wpcf7-form-control wpcf7-textarea\" aria-invalid=\"false\" name=\"your-message\"><\/textarea><\/span> <\/label><br \/>\n<span class=\"wpcf7-form-control-wrap\" data-name=\"acceptance-428\"><span class=\"wpcf7-form-control wpcf7-acceptance\"><span class=\"wpcf7-list-item\"><label><input type=\"checkbox\" name=\"acceptance-428\" value=\"1\" aria-invalid=\"false\" \/><span class=\"wpcf7-list-item-label\">He le\u00eddo y acepto la <a href=\"https:\/\/evenbytes.com\/privacy-policy\/\" target=\"_blank\">pol\u00edtica de privacidad<\/a>.<\/span><\/label><\/span><\/span><\/span><br \/>\n<br \/>\n<input class=\"wpcf7-form-control wpcf7-submit has-spinner\" type=\"submit\" value=\"Enviar\" \/>\n<\/p><input type='hidden' class='wpcf7-pum' value='{\"closepopup\":false,\"closedelay\":0,\"openpopup\":false,\"openpopup_id\":0}' \/><div class=\"wpcf7-response-output\" aria-hidden=\"true\"><\/div>\n<\/form>\n<\/div>\n[\/vc_column][\/vc_row]<\/p>\n<\/div>","protected":false},"excerpt":{"rendered":"<p>[vc_row css_animation=\u00bb\u00bb row_type=\u00bbrow\u00bb use_row_as_full_screen_section=\u00bbno\u00bb type=\u00bbgrid\u00bb angled_section=\u00bbno\u00bb text_align=\u00bbleft\u00bb background_image_as_pattern=\u00bbwithout_pattern\u00bb z_index=\u00bb\u00bb css=\u00bb.vc_custom_1643727308774{background-color: #ffffff !important;}\u00bb][vc_column][vc_empty_space][vc_single_image image=\u00bb4320&#8243; img_size=\u00bbfull\u00bb qode_css_animation=\u00bb\u00bb][vc_empty_space][\/vc_column][\/vc_row][vc_row css_animation=\u00bb\u00bb row_type=\u00bbrow\u00bb use_row_as_full_screen_section=\u00bbno\u00bb type=\u00bbgrid\u00bb angled_section=\u00bbno\u00bb text_align=\u00bbleft\u00bb background_image_as_pattern=\u00bbwithout_pattern\u00bb z_index=\u00bb\u00bb css=\u00bb.vc_custom_1643727914149{padding-top: 40px !important;padding-bottom: 40px !important;}\u00bb][vc_column width=\u00bb1\/2&#8243;][vc_column_text] Asesoramiento en Inteligencia Artificial [\/vc_column_text][vc_empty_space][vc_column_text]El asesoramiento en inteligencia artificial de Kit Consulting abarca desde la identificaci\u00f3n&#8230;<\/p>\n","protected":false},"author":5,"featured_media":3589,"parent":0,"menu_order":0,"comment_status":"closed","ping_status":"closed","template":"full_width.php","meta":{"footnotes":""},"class_list":["post-3573","page","type-page","status-publish","has-post-thumbnail","hentry"],"_links":{"self":[{"href":"https:\/\/evenbytes.com\/es\/wp-json\/wp\/v2\/pages\/3573","targetHints":{"allow":["GET"]}}],"collection":[{"href":"https:\/\/evenbytes.com\/es\/wp-json\/wp\/v2\/pages"}],"about":[{"href":"https:\/\/evenbytes.com\/es\/wp-json\/wp\/v2\/types\/page"}],"author":[{"embeddable":true,"href":"https:\/\/evenbytes.com\/es\/wp-json\/wp\/v2\/users\/5"}],"replies":[{"embeddable":true,"href":"https:\/\/evenbytes.com\/es\/wp-json\/wp\/v2\/comments?post=3573"}],"version-history":[{"count":44,"href":"https:\/\/evenbytes.com\/es\/wp-json\/wp\/v2\/pages\/3573\/revisions"}],"predecessor-version":[{"id":4322,"href":"https:\/\/evenbytes.com\/es\/wp-json\/wp\/v2\/pages\/3573\/revisions\/4322"}],"wp:featuredmedia":[{"embeddable":true,"href":"https:\/\/evenbytes.com\/es\/wp-json\/wp\/v2\/media\/3589"}],"wp:attachment":[{"href":"https:\/\/evenbytes.com\/es\/wp-json\/wp\/v2\/media?parent=3573"}],"curies":[{"name":"wp","href":"https:\/\/api.w.org\/{rel}","templated":true}]}}