{"id":3797,"date":"2022-02-16T10:03:25","date_gmt":"2022-02-16T09:03:25","guid":{"rendered":"https:\/\/evenbytes.com\/?page_id=3797"},"modified":"2022-04-22T07:42:31","modified_gmt":"2022-04-22T06:42:31","slug":"sincronizacion-de-libreria-fisica-con-libreria-online-de-la-voragine","status":"publish","type":"page","link":"https:\/\/evenbytes.com\/es\/casos-de-uso\/sincronizacion-de-libreria-fisica-con-libreria-online-de-la-voragine\/","title":{"rendered":"Sincronizaci\u00f3n de librer\u00eda f\u00edsica con librer\u00eda online de La Vor\u00e1gine"},"content":{"rendered":"<div class=\"wpb-content-wrapper\"><p>[vc_row css_animation=\u00bb\u00bb row_type=\u00bbrow\u00bb use_row_as_full_screen_section=\u00bbno\u00bb type=\u00bbfull_width\u00bb angled_section=\u00bbno\u00bb text_align=\u00bbleft\u00bb background_image_as_pattern=\u00bbwithout_pattern\u00bb][vc_column][vc_column_text]<\/p>\n<h1><strong>Sincronizaci\u00f3n de librer\u00eda f\u00edsica con librer\u00eda online de La Vor\u00e1gine<\/strong><\/h1>\n<h1><\/h1>\n<p>[\/vc_column_text][\/vc_column][\/vc_row][vc_row css_animation=\u00bb\u00bb row_type=\u00bbrow\u00bb use_row_as_full_screen_section=\u00bbno\u00bb type=\u00bbfull_width\u00bb angled_section=\u00bbno\u00bb text_align=\u00bbleft\u00bb background_image_as_pattern=\u00bbwithout_pattern\u00bb][vc_column][vc_empty_space][\/vc_column][\/vc_row][vc_row css_animation=\u00bb\u00bb row_type=\u00bbrow\u00bb use_row_as_full_screen_section=\u00bbno\u00bb type=\u00bbfull_width\u00bb angled_section=\u00bbno\u00bb text_align=\u00bbleft\u00bb background_image_as_pattern=\u00bbwithout_pattern\u00bb][vc_column][vc_column_text]<\/p>\n<h2><strong>El proyecto\u00a0<\/strong><\/h2>\n<p><span style=\"font-weight: 400;\">La Vor\u00e1gine es una librer\u00eda ubicada en Santander, Cantabria, que por mucho tiempo han comercializado sus libros \u00fanicamente desde su tienda f\u00edsica. Gracias a la creciente demanda del comercio online, y a la necesidad de conquistar un nuevo mercado en la web, decidieron apoyarse en los conocimientos del equipo de Evenbytes para realizar este proceso.\u00a0<\/span><\/p>\n<p><span style=\"font-weight: 400;\">La necesidad primordial era construir una <strong>ingenier\u00eda en la nube<\/strong> que permitiera\u00a0 sincronizar perfectamente el stock resultante de las ventas en la tienda como en la p\u00e1gina web, al mismo tiempo crear un sistema que registrara de manera autom\u00e1tica toda la actividad comercial de los m\u00e1s de 7.500 t\u00edtulos disponibles para los lectores.\u00a0<\/span>[\/vc_column_text][\/vc_column][\/vc_row][vc_row css_animation=\u00bb\u00bb row_type=\u00bbrow\u00bb use_row_as_full_screen_section=\u00bbno\u00bb type=\u00bbfull_width\u00bb angled_section=\u00bbno\u00bb text_align=\u00bbleft\u00bb background_image_as_pattern=\u00bbwithout_pattern\u00bb][vc_column][vc_empty_space][vc_column_text]<\/p>\n<h2><strong>Metodolog\u00eda\u00a0<\/strong><\/h2>\n<p><span style=\"font-weight: 400;\">Para contabilizar el n\u00famero de libros en la tienda f\u00edsica y el registro del stock, Evenbytes vincul\u00f3 el <strong>sistema Geslib<\/strong>, un software de gesti\u00f3n de librer\u00edas, con <strong>Woocommerce<\/strong>, un plugin donde se aloja la tienda online de La Vor\u00e1gine.\u00a0<\/span><\/p>\n<p><span style=\"font-weight: 400;\">Adem\u00e1s, gracias a esta sincronizaci\u00f3n tambi\u00e9n hemos conseguido una categorizaci\u00f3n de los libros en la tienda online por temas, editoriales y autores, permitiendo realizar b\u00fasquedas m\u00e1s r\u00e1pidas y efectivas a los clientes.<\/span>[\/vc_column_text][\/vc_column][\/vc_row][vc_row css_animation=\u00bb\u00bb row_type=\u00bbrow\u00bb use_row_as_full_screen_section=\u00bbno\u00bb type=\u00bbfull_width\u00bb angled_section=\u00bbno\u00bb text_align=\u00bbleft\u00bb background_image_as_pattern=\u00bbwithout_pattern\u00bb][vc_column width=\u00bb1\/2&#8243;][vc_column_text]<\/p>\n<h2><strong>Retos\u00a0<\/strong><\/h2>\n<p><span style=\"font-weight: 400;\">El reto consist\u00eda en traducir las bases de datos de unos programas de escritorio frente a nuevas bases de datos online y realizar una sincronizaci\u00f3n para lograr que funcionen de manera simult\u00e1nea.\u00a0\u00a0<\/span><\/p>\n<p><span style=\"font-weight: 400;\">Al mismo tiempo, desarrollar un sistema que permitiera generar un registro de las actividades comerciales y analizar los datos de venta y stock. <\/span>[\/vc_column_text][vc_empty_space][vc_column_text]<\/p>\n<h2><strong>Arquitectura\u00a0<\/strong><\/h2>\n<p><span style=\"font-weight: 400;\">Mediante el uso de soluciones en la nube, tales como<strong> Cloud Scheduler y Cloud Run<\/strong>, es posible ejecutar una tarea de sincronizaci\u00f3n entre Geslib y la Api de Woocommerce. Adem\u00e1s guardamos un registro de la actividad realizada durante el proceso en datastore, una base de datos noSQL de Google cloud.<\/span>[\/vc_column_text][\/vc_column][vc_column width=\u00bb1\/2&#8243;][vc_single_image image=\u00bb3798&#8243; img_size=\u00bblarge\u00bb qode_css_animation=\u00bb\u00bb][\/vc_column][\/vc_row][vc_row css_animation=\u00bb\u00bb row_type=\u00bbrow\u00bb use_row_as_full_screen_section=\u00bbno\u00bb type=\u00bbfull_width\u00bb angled_section=\u00bbno\u00bb text_align=\u00bbleft\u00bb background_image_as_pattern=\u00bbwithout_pattern\u00bb][vc_column][\/vc_column][\/vc_row]<\/p>\n<\/div>","protected":false},"excerpt":{"rendered":"<p>[vc_row css_animation=\u00bb\u00bb row_type=\u00bbrow\u00bb use_row_as_full_screen_section=\u00bbno\u00bb type=\u00bbfull_width\u00bb angled_section=\u00bbno\u00bb text_align=\u00bbleft\u00bb background_image_as_pattern=\u00bbwithout_pattern\u00bb][vc_column][vc_column_text] Sincronizaci\u00f3n de librer\u00eda f\u00edsica con librer\u00eda online de La Vor\u00e1gine [\/vc_column_text][\/vc_column][\/vc_row][vc_row css_animation=\u00bb\u00bb row_type=\u00bbrow\u00bb use_row_as_full_screen_section=\u00bbno\u00bb type=\u00bbfull_width\u00bb angled_section=\u00bbno\u00bb text_align=\u00bbleft\u00bb background_image_as_pattern=\u00bbwithout_pattern\u00bb][vc_column][vc_empty_space][\/vc_column][\/vc_row][vc_row css_animation=\u00bb\u00bb row_type=\u00bbrow\u00bb use_row_as_full_screen_section=\u00bbno\u00bb type=\u00bbfull_width\u00bb angled_section=\u00bbno\u00bb text_align=\u00bbleft\u00bb background_image_as_pattern=\u00bbwithout_pattern\u00bb][vc_column][vc_column_text] El proyecto\u00a0 La Vor\u00e1gine es una librer\u00eda ubicada en Santander, Cantabria, que&#8230;<\/p>\n","protected":false},"author":5,"featured_media":3805,"parent":1818,"menu_order":0,"comment_status":"closed","ping_status":"closed","template":"","meta":{"footnotes":""},"class_list":["post-3797","page","type-page","status-publish","has-post-thumbnail","hentry"],"_links":{"self":[{"href":"https:\/\/evenbytes.com\/es\/wp-json\/wp\/v2\/pages\/3797","targetHints":{"allow":["GET"]}}],"collection":[{"href":"https:\/\/evenbytes.com\/es\/wp-json\/wp\/v2\/pages"}],"about":[{"href":"https:\/\/evenbytes.com\/es\/wp-json\/wp\/v2\/types\/page"}],"author":[{"embeddable":true,"href":"https:\/\/evenbytes.com\/es\/wp-json\/wp\/v2\/users\/5"}],"replies":[{"embeddable":true,"href":"https:\/\/evenbytes.com\/es\/wp-json\/wp\/v2\/comments?post=3797"}],"version-history":[{"count":5,"href":"https:\/\/evenbytes.com\/es\/wp-json\/wp\/v2\/pages\/3797\/revisions"}],"predecessor-version":[{"id":3804,"href":"https:\/\/evenbytes.com\/es\/wp-json\/wp\/v2\/pages\/3797\/revisions\/3804"}],"up":[{"embeddable":true,"href":"https:\/\/evenbytes.com\/es\/wp-json\/wp\/v2\/pages\/1818"}],"wp:featuredmedia":[{"embeddable":true,"href":"https:\/\/evenbytes.com\/es\/wp-json\/wp\/v2\/media\/3805"}],"wp:attachment":[{"href":"https:\/\/evenbytes.com\/es\/wp-json\/wp\/v2\/media?parent=3797"}],"curies":[{"name":"wp","href":"https:\/\/api.w.org\/{rel}","templated":true}]}}