{"id":599,"date":"2018-09-06T13:50:41","date_gmt":"2018-09-06T13:50:41","guid":{"rendered":"https:\/\/evenbytes.com\/contacto\/"},"modified":"2024-05-28T13:27:02","modified_gmt":"2024-05-28T12:27:02","slug":"contacto","status":"publish","type":"page","link":"https:\/\/evenbytes.com\/es\/contacto\/","title":{"rendered":"Contacto"},"content":{"rendered":"<div class=\"wpb-content-wrapper\"><p>[vc_row css_animation=\u00bb\u00bb row_type=\u00bbrow\u00bb use_row_as_full_screen_section=\u00bbno\u00bb type=\u00bbgrid\u00bb angled_section=\u00bbno\u00bb text_align=\u00bbleft\u00bb background_image_as_pattern=\u00bbwithout_pattern\u00bb el_id=\u00bbcontact\u00bb z_index=\u00bb\u00bb][vc_column width=\u00bb1\/2&#8243;][vc_column_text]<\/p>\n<h1 style=\"font-size: 32px;\">Contacta con nosotros<\/h1>\n<p>[\/vc_column_text][vc_empty_space][vc_column_text]<\/p>\n<p class=\"textblackwhite\">somos una consultora tecnol\u00f3gica con m\u00e1s de 15 a\u00f1os de experiencia en el desarrollo desarrollo de software, <strong>transformaci\u00f3n digital y mejora de procesos<\/strong>.<\/p>\n<p class=\"textblackwhite\"><strong>Nuestra misi\u00f3n es sacar el m\u00e1ximo partido al trabajo de las personas y las empresas, aprovechando de los \u00faltimos avances tecnol\u00f3gicos.<\/strong><\/p>\n<p>[\/vc_column_text][vc_empty_space][vc_column_text]<\/p>\n<p>[\/vc_column_text][\/vc_column][vc_column width=\u00bb1\/2&#8243;][vc_empty_space height=\u00bb79px\u00bb]\n<div class=\"wpcf7 no-js\" id=\"wpcf7-f224-o1\" lang=\"en-US\" dir=\"ltr\" data-wpcf7-id=\"224\">\n<div class=\"screen-reader-response\"><p role=\"status\" aria-live=\"polite\" aria-atomic=\"true\"><\/p> <ul><\/ul><\/div>\n<form action=\"\/es\/wp-json\/wp\/v2\/pages\/599#wpcf7-f224-o1\" method=\"post\" class=\"wpcf7-form init cf7_custom_style_1\" aria-label=\"Contact form\" novalidate=\"novalidate\" data-status=\"init\">\n<fieldset class=\"hidden-fields-container\"><input type=\"hidden\" name=\"_wpcf7\" value=\"224\" \/><input type=\"hidden\" name=\"_wpcf7_version\" value=\"6.1.1\" \/><input type=\"hidden\" name=\"_wpcf7_locale\" value=\"en_US\" \/><input type=\"hidden\" name=\"_wpcf7_unit_tag\" value=\"wpcf7-f224-o1\" \/><input type=\"hidden\" name=\"_wpcf7_container_post\" value=\"0\" \/><input type=\"hidden\" name=\"_wpcf7_posted_data_hash\" value=\"\" \/><input type=\"hidden\" name=\"_wpcf7_recaptcha_response\" value=\"\" \/>\n<\/fieldset>\n<p><label>Name * <span class=\"wpcf7-form-control-wrap\" data-name=\"your-name\"><input size=\"40\" maxlength=\"400\" class=\"wpcf7-form-control wpcf7-text wpcf7-validates-as-required\" aria-required=\"true\" aria-invalid=\"false\" value=\"\" type=\"text\" name=\"your-name\" \/><\/span> <\/label><br \/>\n<label>Email * <span class=\"wpcf7-form-control-wrap\" data-name=\"your-email\"><input size=\"40\" maxlength=\"400\" class=\"wpcf7-form-control wpcf7-email wpcf7-validates-as-required wpcf7-text wpcf7-validates-as-email\" aria-required=\"true\" aria-invalid=\"false\" value=\"\" type=\"email\" name=\"your-email\" \/><\/span> <\/label><br \/>\n<label>Message <span class=\"wpcf7-form-control-wrap\" data-name=\"your-message\"><textarea cols=\"40\" rows=\"10\" maxlength=\"2000\" class=\"wpcf7-form-control wpcf7-textarea\" aria-invalid=\"false\" name=\"your-message\"><\/textarea><\/span> <\/label><br \/>\n<span class=\"wpcf7-form-control-wrap\" data-name=\"acceptance-428\"><span class=\"wpcf7-form-control wpcf7-acceptance\"><span class=\"wpcf7-list-item\"><label><input type=\"checkbox\" name=\"acceptance-428\" value=\"1\" aria-invalid=\"false\" \/><span class=\"wpcf7-list-item-label\">I have read and I accept the <a href=\"https:\/\/evenbytes.com\/privacy-policy\/\" target=\"_blank\">Privacy Policy<\/a>.<\/span><\/label><\/span><\/span><\/span><br \/>\n<br \/>\n<input class=\"wpcf7-form-control wpcf7-submit has-spinner\" type=\"submit\" value=\"Send\" \/>\n<\/p><input type='hidden' class='wpcf7-pum' value='{\"closepopup\":false,\"closedelay\":0,\"openpopup\":false,\"openpopup_id\":0}' \/><div class=\"wpcf7-response-output\" aria-hidden=\"true\"><\/div>\n<\/form>\n<\/div>\n[\/vc_column][\/vc_row][vc_row css_animation=\u00bb\u00bb row_type=\u00bbrow\u00bb use_row_as_full_screen_section=\u00bbno\u00bb type=\u00bbfull_width\u00bb angled_section=\u00bbno\u00bb text_align=\u00bbleft\u00bb background_image_as_pattern=\u00bbwithout_pattern\u00bb css=\u00bb.vc_custom_1615217074837{margin-top: 50px !important;margin-bottom: 50px !important;}\u00bb z_index=\u00bb\u00bb][vc_column][vc_separator css_animation=\u00bbfadeIn\u00bb type=\u00bbnormal\u00bb][\/vc_column][\/vc_row][vc_row css_animation=\u00bb\u00bb row_type=\u00bbrow\u00bb use_row_as_full_screen_section=\u00bbno\u00bb type=\u00bbfull_width\u00bb angled_section=\u00bbno\u00bb text_align=\u00bbleft\u00bb background_image_as_pattern=\u00bbwithout_pattern\u00bb css=\u00bb.vc_custom_1615217066969{margin-bottom: 100px !important;}\u00bb z_index=\u00bb\u00bb][vc_column width=\u00bb1\/3&#8243;]<div class=\"q_icon_list\"><span aria-hidden=\"true\" class=\"qode_icon_font_elegant icon_mail_alt qode-ili-icon-holder transparent\" style=\"font-size: 20px;color: #000000;\" ><\/span><p style=\"color:#000000;font-size: 15px;font-weight: 400;\">admin@evenbytes.com<\/p><\/div><div class=\"q_icon_list\"><span aria-hidden=\"true\" class=\"qode_icon_font_elegant icon_phone qode-ili-icon-holder transparent\" style=\"font-size: 20px;color: #000000;\" ><\/span><p style=\"color:#000000;font-size: 15px;font-weight: 400;\">+34 942 02 04 24<\/p><\/div><div class=\"q_icon_list\"><span aria-hidden=\"true\" class=\"qode_icon_font_elegant icon_profile qode-ili-icon-holder transparent\" style=\"font-size: 20px;color: #000000;\" ><\/span><p style=\"color:#000000;font-size: 15px;font-weight: 400;\">Avda Santa Cruz, Urb. Bezanabella, 70. Santa Cruz de Bezana, 39100. Cantabria. Espa\u00f1a.<\/p><\/div>[\/vc_column][vc_column width=\u00bb2\/3&#8243;][vc_gmaps link=\u00bb#E-8_JTNDaWZyYW1lJTIwc3JjJTNEJTIyaHR0cHMlM0ElMkYlMkZ3d3cuZ29vZ2xlLmNvbSUyRm1hcHMlMkZlbWJlZCUzRnBiJTNEJTIxMW0xOCUyMTFtMTIlMjExbTMlMjExZDI4OTYuOTA1MDM2Mjc0ODk5JTIxMmQtMy44OTU4OTcxODQxMjE5MzY1JTIxM2Q0My40NDE2OTkyNzkxMjkxOSUyMTJtMyUyMTFmMCUyMTJmMCUyMTNmMCUyMTNtMiUyMTFpMTAyNCUyMTJpNzY4JTIxNGYxMy4xJTIxM20zJTIxMW0yJTIxMXMweGQ0OTQ4NmRkNWExYjRlOSUyNTNBMHhjNThhNzg3ZWM0ZDY2M2Q5JTIxMnNFdmVuYnl0ZXMlMjUyMFMuTC4lMjE1ZTAlMjEzbTIlMjExc2VzJTIxMnNlcyUyMTR2MTYwNTEwODM3NjU1OSUyMTVtMiUyMTFzZXMlMjEyc2VzJTIyJTIwd2lkdGglM0QlMjI0MDAlMjIlMjBoZWlnaHQlM0QlMjIzMDAlMjIlMjBmcmFtZWJvcmRlciUzRCUyMjAlMjIlMjBzdHlsZSUzRCUyMmJvcmRlciUzQTAlM0IlMjIlMjBhbGxvd2Z1bGxzY3JlZW4lM0QlMjIlMjIlMjBhcmlhLWhpZGRlbiUzRCUyMmZhbHNlJTIyJTIwdGFiaW5kZXglM0QlMjIwJTIyJTNFJTNDJTJGaWZyYW1lJTNF\u00bb][\/vc_column][\/vc_row]<\/p>\n<\/div>","protected":false},"excerpt":{"rendered":"<p>[vc_row css_animation=\u00bb\u00bb row_type=\u00bbrow\u00bb use_row_as_full_screen_section=\u00bbno\u00bb type=\u00bbgrid\u00bb angled_section=\u00bbno\u00bb text_align=\u00bbleft\u00bb background_image_as_pattern=\u00bbwithout_pattern\u00bb el_id=\u00bbcontact\u00bb z_index=\u00bb\u00bb][vc_column width=\u00bb1\/2&#8243;][vc_column_text] Contacta con nosotros [\/vc_column_text][vc_empty_space][vc_column_text] somos una consultora tecnol\u00f3gica con m\u00e1s de 15 a\u00f1os de experiencia en el desarrollo desarrollo de software, transformaci\u00f3n digital y mejora de procesos. Nuestra misi\u00f3n es sacar el m\u00e1ximo partido&#8230;<\/p>\n","protected":false},"author":5,"featured_media":0,"parent":0,"menu_order":0,"comment_status":"closed","ping_status":"closed","template":"","meta":{"footnotes":""},"class_list":["post-599","page","type-page","status-publish","hentry"],"_links":{"self":[{"href":"https:\/\/evenbytes.com\/es\/wp-json\/wp\/v2\/pages\/599","targetHints":{"allow":["GET"]}}],"collection":[{"href":"https:\/\/evenbytes.com\/es\/wp-json\/wp\/v2\/pages"}],"about":[{"href":"https:\/\/evenbytes.com\/es\/wp-json\/wp\/v2\/types\/page"}],"author":[{"embeddable":true,"href":"https:\/\/evenbytes.com\/es\/wp-json\/wp\/v2\/users\/5"}],"replies":[{"embeddable":true,"href":"https:\/\/evenbytes.com\/es\/wp-json\/wp\/v2\/comments?post=599"}],"version-history":[{"count":20,"href":"https:\/\/evenbytes.com\/es\/wp-json\/wp\/v2\/pages\/599\/revisions"}],"predecessor-version":[{"id":4319,"href":"https:\/\/evenbytes.com\/es\/wp-json\/wp\/v2\/pages\/599\/revisions\/4319"}],"wp:attachment":[{"href":"https:\/\/evenbytes.com\/es\/wp-json\/wp\/v2\/media?parent=599"}],"curies":[{"name":"wp","href":"https:\/\/api.w.org\/{rel}","templated":true}]}}