{"id":761,"date":"2018-09-22T09:14:10","date_gmt":"2018-09-22T09:14:10","guid":{"rendered":"https:\/\/evenbytes.com\/servicios\/desarrollo-de-software\/"},"modified":"2018-09-22T09:14:11","modified_gmt":"2018-09-22T09:14:11","slug":"desarrollo-de-software","status":"publish","type":"page","link":"https:\/\/evenbytes.com\/es\/servicios\/desarrollo-de-software\/","title":{"rendered":"Desarrollo de Software"},"content":{"rendered":"<div class=\"wpb-content-wrapper\"><p>[vc_row css_animation=\u00bb\u00bb row_type=\u00bbrow\u00bb use_row_as_full_screen_section=\u00bbno\u00bb type=\u00bbfull_width\u00bb angled_section=\u00bbno\u00bb text_align=\u00bbleft\u00bb background_image_as_pattern=\u00bbwithout_pattern\u00bb][vc_column][vc_empty_space height=\u00bb64px\u00bb][qode_elements_holder number_of_columns=\u00bbone_column\u00bb][qode_elements_holder_item advanced_animations=\u00bbno\u00bb]<div class=\"q_icon_list\"><i class=\"qode_icon_font_awesome fa fa-arrow-circle-right qode-ili-icon-holder circle\" style=\"font-size: 20px;color: #317bba;background-color: #ffffff;\" ><\/i><p style=\"font-size: 20px;font-weight: 400;margin-bottom: 20px;\">Desarrollo con Google Cloud Platform (GCP)<\/p><\/div><div class=\"q_icon_list\"><i class=\"qode_icon_font_awesome fa fa-arrow-circle-right qode-ili-icon-holder circle\" style=\"font-size: 20px;color: #317bba;background-color: #ffffff;\" ><\/i><p style=\"font-size: 20px;font-weight: 400;margin-bottom: 20px;\">Estamos especializados en Cloud Computing.<\/p><\/div><div class=\"q_icon_list\"><i class=\"qode_icon_font_awesome fa fa-arrow-circle-right qode-ili-icon-holder circle\" style=\"font-size: 20px;color: #317bba;background-color: #ffffff;\" ><\/i><p style=\"font-size: 20px;font-weight: 400;margin-bottom: 20px;\">M\u00e1s de  5 a\u00f1os trabajando en proyectos Iot \/ Big Data \/ Smart City usando la tecnolog\u00eda para hacer nuestras ciudades m\u00e1s eficientes y sostenibles.<\/p><\/div><div class=\"q_icon_list\"><i class=\"qode_icon_font_awesome fa fa-arrow-circle-right qode-ili-icon-holder circle\" style=\"font-size: 20px;color: #317bba;background-color: #ffffff;\" ><\/i><p style=\"font-size: 20px;font-weight: 400;margin-bottom: 20px;\">Desarrollamos productos basados en la nube. Podemos proporcionar soluciones inform\u00e1ticas escalables a bajo costo.<\/p><\/div><div class=\"q_icon_list\"><i class=\"qode_icon_font_awesome fa fa-arrow-circle-right qode-ili-icon-holder circle\" style=\"font-size: 20px;color: #317bba;background-color: #ffffff;\" ><\/i><p style=\"font-size: 20px;font-weight: 400;margin-bottom: 20px;\">Le garantizamos el mejor precio para las tecnolog\u00edas l\u00edderes y de \u00faltima generaci\u00f3n.<\/p><\/div><div class=\"q_icon_list\"><i class=\"qode_icon_font_awesome fa fa-arrow-circle-right qode-ili-icon-holder circle\" style=\"font-size: 20px;color: #317bba;background-color: #ffffff;\" ><\/i><p style=\"font-size: 20px;font-weight: 400;margin-bottom: 20px;\">Nos especializamos en desarrollo de productos y consultor\u00eda, con experiencia en software de computaci\u00f3n en la nube, desarrollo de sitios web personalizados, aplicaciones m\u00f3viles, aplicaciones de escritorio y servicios basados en la web.<\/p><\/div><div class=\"q_icon_list\"><i class=\"qode_icon_font_awesome fa fa-arrow-circle-right qode-ili-icon-holder circle\" style=\"font-size: 20px;color: #317bba;background-color: #ffffff;\" ><\/i><p style=\"font-size: 20px;font-weight: 400;margin-bottom: 20px;\">Eche un vistazo a nuestros productos y sitios web de primera l\u00ednea.<\/p><\/div>[\/qode_elements_holder_item][\/qode_elements_holder][vc_empty_space height=\u00bb64px\u00bb][\/vc_column][\/vc_row]<\/p>\n<\/div>","protected":false},"excerpt":{"rendered":"<p>[vc_row css_animation=\u00bb\u00bb row_type=\u00bbrow\u00bb use_row_as_full_screen_section=\u00bbno\u00bb type=\u00bbfull_width\u00bb angled_section=\u00bbno\u00bb text_align=\u00bbleft\u00bb background_image_as_pattern=\u00bbwithout_pattern\u00bb][vc_column][vc_empty_space height=\u00bb64px\u00bb][qode_elements_holder number_of_columns=\u00bbone_column\u00bb][qode_elements_holder_item advanced_animations=\u00bbno\u00bb][\/qode_elements_holder_item][\/qode_elements_holder][vc_empty_space height=\u00bb64px\u00bb][\/vc_column][\/vc_row]<\/p>\n","protected":false},"author":5,"featured_media":0,"parent":757,"menu_order":0,"comment_status":"closed","ping_status":"closed","template":"","meta":{"footnotes":""},"class_list":["post-761","page","type-page","status-publish","hentry"],"_links":{"self":[{"href":"https:\/\/evenbytes.com\/es\/wp-json\/wp\/v2\/pages\/761","targetHints":{"allow":["GET"]}}],"collection":[{"href":"https:\/\/evenbytes.com\/es\/wp-json\/wp\/v2\/pages"}],"about":[{"href":"https:\/\/evenbytes.com\/es\/wp-json\/wp\/v2\/types\/page"}],"author":[{"embeddable":true,"href":"https:\/\/evenbytes.com\/es\/wp-json\/wp\/v2\/users\/5"}],"replies":[{"embeddable":true,"href":"https:\/\/evenbytes.com\/es\/wp-json\/wp\/v2\/comments?post=761"}],"version-history":[{"count":1,"href":"https:\/\/evenbytes.com\/es\/wp-json\/wp\/v2\/pages\/761\/revisions"}],"predecessor-version":[{"id":762,"href":"https:\/\/evenbytes.com\/es\/wp-json\/wp\/v2\/pages\/761\/revisions\/762"}],"up":[{"embeddable":true,"href":"https:\/\/evenbytes.com\/es\/wp-json\/wp\/v2\/pages\/757"}],"wp:attachment":[{"href":"https:\/\/evenbytes.com\/es\/wp-json\/wp\/v2\/media?parent=761"}],"curies":[{"name":"wp","href":"https:\/\/api.w.org\/{rel}","templated":true}]}}